{"id":1220,"date":"2020-11-23T08:01:52","date_gmt":"2020-11-23T08:01:52","guid":{"rendered":"https:\/\/dev.ecodeco-design.com\/\/?post_type=product&#038;p=1220"},"modified":"2022-08-28T13:14:42","modified_gmt":"2022-08-28T13:14:42","slug":"sink-rock-face","status":"publish","type":"product","link":"https:\/\/ecodeco-design.com\/no\/product\/sink-rock-face\/","title":{"rendered":"Marmor vask &laquo;Rock face&raquo;. Gr\u00e5 eller krem farge."},"content":{"rendered":"<p><strong>Kode:<\/strong> MRB001C \/ MRB001G<br \/>\n<strong>Beskrivelse:<\/strong><br \/>\nBolleformet marmor vask med glatt, polert overflate innvendig og grovt hamret overflate utvendig. &laquo;Rock face&raquo; vask leveres i gr\u00e5 eller krem farge. Alle marmor produkter er unike i farge og m\u00f8nster. Benytt kun rengj\u00f8ringsmidler beregnet for marmor.<br \/>\n<strong>M\u00e5l: <\/strong><br \/>\n40 (dia) x 15 (H) cm<\/p>","protected":false},"excerpt":{"rendered":"<p>Kode: MRB001C \/ MRB001G Beskrivelse: Bolleformet marmor vask med glatt, polert overflate innvendig og grovt hamret overflate utvendig. &laquo;Rock face&raquo; vask leveres i gr\u00e5 eller krem farge. Alle marmor produkter er unike i farge og m\u00f8nster. Benytt kun rengj\u00f8ringsmidler beregnet for marmor. M\u00e5l: 40 (dia) x 15 (H) cm<\/p>\n","protected":false},"featured_media":1902,"template":"","meta":{"om_disable_all_campaigns":false,"_monsterinsights_skip_tracking":false,"_monsterinsights_sitenote_active":false,"_monsterinsights_sitenote_note":"","_monsterinsights_sitenote_category":0},"acf":[],"aioseo_notices":[],"_links":{"self":[{"href":"https:\/\/ecodeco-design.com\/no\/wp-json\/wp\/v2\/product\/1220"}],"collection":[{"href":"https:\/\/ecodeco-design.com\/no\/wp-json\/wp\/v2\/product"}],"about":[{"href":"https:\/\/ecodeco-design.com\/no\/wp-json\/wp\/v2\/types\/product"}],"wp:featuredmedia":[{"embeddable":true,"href":"https:\/\/ecodeco-design.com\/no\/wp-json\/wp\/v2\/media\/1902"}],"wp:attachment":[{"href":"https:\/\/ecodeco-design.com\/no\/wp-json\/wp\/v2\/media?parent=1220"}],"curies":[{"name":"wp","href":"https:\/\/api.w.org\/{rel}","templated":true}]}}