{"id":1218,"date":"2020-11-23T08:00:48","date_gmt":"2020-11-23T08:00:48","guid":{"rendered":"https:\/\/dev.ecodeco-design.com\/\/?post_type=product&#038;p=1218"},"modified":"2025-02-28T14:48:54","modified_gmt":"2025-02-28T14:48:54","slug":"sink-rectangular-polish-small","status":"publish","type":"product","link":"https:\/\/ecodeco-design.com\/no\/product\/sink-rectangular-polish-small\/","title":{"rendered":"Marmor vask &laquo;Rectangular&raquo;. Gr\u00e5 eller krem farge."},"content":{"rendered":"<p><strong>Kode:<\/strong> MRB021C \/ MRB021G &#8211; MRB004C \/ MRB004G<br \/>\n<strong>Beskrivelse:<\/strong><br \/>\nMarmor vask med glatt, polert overflate b\u00e5de innvendig og utvendig. \u00abRectangular\u00bb vask leveres i gr\u00e5 eller krem farge. Alle marmor produkter er unike i farge og m\u00f8nster. Benytt kun rengj\u00f8ringsmidler beregnet for marmor.<br \/>\n<strong>Measurement:<\/strong> <\/p>\n<li>MRB021C \/ MRB021G &#8211; Liten : 40 (L) x 30 (B) x 12,5 (H) cm\n<li>MRB004C \/ MRB004G &#8211; Stor : 50 (L) x 40 (B) x 12,5 (H) cm<br \/>","protected":false},"excerpt":{"rendered":"<p>Kode: MRB021C \/ MRB021G &#8211; MRB004C \/ MRB004G Beskrivelse: Marmor vask med glatt, polert overflate b\u00e5de innvendig og utvendig. \u00abRectangular\u00bb vask leveres i gr\u00e5 eller krem farge. Alle marmor produkter er unike i farge og m\u00f8nster. Benytt kun rengj\u00f8ringsmidler beregnet for marmor. Measurement: MRB021C \/ MRB021G &#8211; Liten : 40 (L) x 30 (B) x [&hellip;]<\/p>\n","protected":false},"featured_media":1900,"template":"","meta":{"om_disable_all_campaigns":false,"_monsterinsights_skip_tracking":false,"_monsterinsights_sitenote_active":false,"_monsterinsights_sitenote_note":"","_monsterinsights_sitenote_category":0},"acf":[],"aioseo_notices":[],"_links":{"self":[{"href":"https:\/\/ecodeco-design.com\/no\/wp-json\/wp\/v2\/product\/1218"}],"collection":[{"href":"https:\/\/ecodeco-design.com\/no\/wp-json\/wp\/v2\/product"}],"about":[{"href":"https:\/\/ecodeco-design.com\/no\/wp-json\/wp\/v2\/types\/product"}],"wp:featuredmedia":[{"embeddable":true,"href":"https:\/\/ecodeco-design.com\/no\/wp-json\/wp\/v2\/media\/1900"}],"wp:attachment":[{"href":"https:\/\/ecodeco-design.com\/no\/wp-json\/wp\/v2\/media?parent=1218"}],"curies":[{"name":"wp","href":"https:\/\/api.w.org\/{rel}","templated":true}]}}