{"id":1212,"date":"2020-11-23T07:48:19","date_gmt":"2020-11-23T07:48:19","guid":{"rendered":"https:\/\/dev.ecodeco-design.com\/\/?post_type=product&#038;p=1212"},"modified":"2025-02-28T15:02:59","modified_gmt":"2025-02-28T15:02:59","slug":"1212","status":"publish","type":"product","link":"https:\/\/ecodeco-design.com\/no\/product\/1212\/","title":{"rendered":"Elvesteinsvask"},"content":{"rendered":"<p><strong>Kode:<\/strong> KLM004 ; MRB015<br \/>\n<strong>Beskrivelse:<\/strong><br \/>\nVask hugget ut av gr\u00e5aktig naturlig elvestein. Polert, glatt overflate innvendig og nesten svart farge. Alle vasker er forskjellige fra hverandre b\u00e5de i st\u00f8rrelse og struktur &#8211; avhengig av formen p\u00e5 steinen.<br \/>\n<strong>M\u00e5l: <\/strong> <\/p>\n<li>KLM004 &#8211; Medium : Ca. 45 (L) x 34 (B) x 14 (H) cm\n<li>KLM015 &#8211; Stor : Ca. 49 (L) x 37 (B) x 14 (H) cm<br \/>","protected":false},"excerpt":{"rendered":"<p>Kode: KLM004 ; MRB015 Beskrivelse: Vask hugget ut av gr\u00e5aktig naturlig elvestein. Polert, glatt overflate innvendig og nesten svart farge. Alle vasker er forskjellige fra hverandre b\u00e5de i st\u00f8rrelse og struktur &#8211; avhengig av formen p\u00e5 steinen. M\u00e5l: KLM004 &#8211; Medium : Ca. 45 (L) x 34 (B) x 14 (H) cm KLM015 &#8211; Stor [&hellip;]<\/p>\n","protected":false},"featured_media":1901,"template":"","meta":{"om_disable_all_campaigns":false,"_monsterinsights_skip_tracking":false,"_monsterinsights_sitenote_active":false,"_monsterinsights_sitenote_note":"","_monsterinsights_sitenote_category":0},"acf":[],"aioseo_notices":[],"_links":{"self":[{"href":"https:\/\/ecodeco-design.com\/no\/wp-json\/wp\/v2\/product\/1212"}],"collection":[{"href":"https:\/\/ecodeco-design.com\/no\/wp-json\/wp\/v2\/product"}],"about":[{"href":"https:\/\/ecodeco-design.com\/no\/wp-json\/wp\/v2\/types\/product"}],"wp:featuredmedia":[{"embeddable":true,"href":"https:\/\/ecodeco-design.com\/no\/wp-json\/wp\/v2\/media\/1901"}],"wp:attachment":[{"href":"https:\/\/ecodeco-design.com\/no\/wp-json\/wp\/v2\/media?parent=1212"}],"curies":[{"name":"wp","href":"https:\/\/api.w.org\/{rel}","templated":true}]}}