{"id":1208,"date":"2020-11-23T07:45:48","date_gmt":"2020-11-23T07:45:48","guid":{"rendered":"https:\/\/dev.ecodeco-design.com\/\/?post_type=product&#038;p=1208"},"modified":"2022-08-28T12:30:46","modified_gmt":"2022-08-28T12:30:46","slug":"sink-membrane","status":"publish","type":"product","link":"https:\/\/ecodeco-design.com\/no\/product\/sink-membrane\/","title":{"rendered":"Marmor vask &laquo;Membrane&raquo;. Gr\u00e5 eller krem farge."},"content":{"rendered":"<p><strong>kode:<\/strong> MRB005C \/ MRB005G<br \/>\n<strong>Beskrivelse:<\/strong><br \/>\nKjegleformet marmorvask med glatt, polert overflate b\u00e5de innvendig og utvendig. &laquo;Membrane&raquo; vask leveres i gr\u00e5 eller krem farge. Alle marmorprodukter er unike i farge og m\u00f8nster. Bruk kun rengj\u00f8ringsmidler beregnet for marmor.<br \/>\n<strong>Measurement:<\/strong><br \/>\n40 (dia) x 15 (H) cm<\/p>","protected":false},"excerpt":{"rendered":"<p>kode: MRB005C \/ MRB005G Beskrivelse: Kjegleformet marmorvask med glatt, polert overflate b\u00e5de innvendig og utvendig. &laquo;Membrane&raquo; vask leveres i gr\u00e5 eller krem farge. Alle marmorprodukter er unike i farge og m\u00f8nster. Bruk kun rengj\u00f8ringsmidler beregnet for marmor. Measurement: 40 (dia) x 15 (H) cm<\/p>\n","protected":false},"featured_media":1904,"template":"","meta":{"om_disable_all_campaigns":false,"_monsterinsights_skip_tracking":false,"_monsterinsights_sitenote_active":false,"_monsterinsights_sitenote_note":"","_monsterinsights_sitenote_category":0},"acf":[],"aioseo_notices":[],"_links":{"self":[{"href":"https:\/\/ecodeco-design.com\/no\/wp-json\/wp\/v2\/product\/1208"}],"collection":[{"href":"https:\/\/ecodeco-design.com\/no\/wp-json\/wp\/v2\/product"}],"about":[{"href":"https:\/\/ecodeco-design.com\/no\/wp-json\/wp\/v2\/types\/product"}],"wp:featuredmedia":[{"embeddable":true,"href":"https:\/\/ecodeco-design.com\/no\/wp-json\/wp\/v2\/media\/1904"}],"wp:attachment":[{"href":"https:\/\/ecodeco-design.com\/no\/wp-json\/wp\/v2\/media?parent=1208"}],"curies":[{"name":"wp","href":"https:\/\/api.w.org\/{rel}","templated":true}]}}