{"id":1206,"date":"2020-11-23T07:44:39","date_gmt":"2020-11-23T07:44:39","guid":{"rendered":"https:\/\/dev.ecodeco-design.com\/\/?post_type=product&#038;p=1206"},"modified":"2022-08-28T13:20:29","modified_gmt":"2022-08-28T13:20:29","slug":"sink-erosion-cream","status":"publish","type":"product","link":"https:\/\/ecodeco-design.com\/no\/product\/sink-erosion-cream\/","title":{"rendered":"Marmor vask &laquo;Erosi&raquo;. Krem farge."},"content":{"rendered":"<p><strong>Kode:<\/strong> MRB025<br \/>\n<strong>Beskrivelse:<\/strong><br \/>\nKremfarget marmor vask med glatt overflate innvendig og naturlig uthugget overflate utvendig. Steinen avgj\u00f8r Erosi vaskens utseende og form. Alle marmor produkter er unike i farge og m\u00f8nster. Benytt kun rengj\u00f8ringsmidler beregnet for marmor.<br \/>\n<strong>M\u00e5l: <\/strong><br \/>\nCa. 41 (L) x 31 (B) cm<\/p>","protected":false},"excerpt":{"rendered":"<p>Kode: MRB025 Beskrivelse: Kremfarget marmor vask med glatt overflate innvendig og naturlig uthugget overflate utvendig. Steinen avgj\u00f8r Erosi vaskens utseende og form. Alle marmor produkter er unike i farge og m\u00f8nster. Benytt kun rengj\u00f8ringsmidler beregnet for marmor. M\u00e5l: Ca. 41 (L) x 31 (B) cm<\/p>\n","protected":false},"featured_media":1207,"template":"","meta":{"om_disable_all_campaigns":false,"_monsterinsights_skip_tracking":false,"_monsterinsights_sitenote_active":false,"_monsterinsights_sitenote_note":"","_monsterinsights_sitenote_category":0},"acf":[],"aioseo_notices":[],"_links":{"self":[{"href":"https:\/\/ecodeco-design.com\/no\/wp-json\/wp\/v2\/product\/1206"}],"collection":[{"href":"https:\/\/ecodeco-design.com\/no\/wp-json\/wp\/v2\/product"}],"about":[{"href":"https:\/\/ecodeco-design.com\/no\/wp-json\/wp\/v2\/types\/product"}],"wp:featuredmedia":[{"embeddable":true,"href":"https:\/\/ecodeco-design.com\/no\/wp-json\/wp\/v2\/media\/1207"}],"wp:attachment":[{"href":"https:\/\/ecodeco-design.com\/no\/wp-json\/wp\/v2\/media?parent=1206"}],"curies":[{"name":"wp","href":"https:\/\/api.w.org\/{rel}","templated":true}]}}