{"id":1204,"date":"2020-11-23T07:43:08","date_gmt":"2020-11-23T07:43:08","guid":{"rendered":"https:\/\/dev.ecodeco-design.com\/\/?post_type=product&#038;p=1204"},"modified":"2022-08-28T12:47:51","modified_gmt":"2022-08-28T12:47:51","slug":"sink-drum","status":"publish","type":"product","link":"https:\/\/ecodeco-design.com\/no\/product\/sink-drum\/","title":{"rendered":"Marmor vask &laquo;Drum&raquo;. Gr\u00e5 eller krem farge."},"content":{"rendered":"<p><strong>Kode:<\/strong> MRB002C \/ MRB002G<br \/>\n<strong>Beskrivelse:<\/strong><br \/>\nSylinderformet marmor vask med glatt, polert overflate b\u00e5de innvendig og utvendig. &laquo;Drum&raquo; leveres i gr\u00e5 eller krem farge. Steinen avgj\u00f8r utseendet og form. Alle marmor produkter er unike i farge og m\u00f8nster. Benytt kun rengj\u00f8ringsmidler beregnet for marmor.<br \/>\n<strong>M\u00e5l:<\/strong><br \/>\nDia. 35 x 15 (H) cm<\/p>","protected":false},"excerpt":{"rendered":"<p>Kode: MRB002C \/ MRB002G Beskrivelse: Sylinderformet marmor vask med glatt, polert overflate b\u00e5de innvendig og utvendig. &laquo;Drum&raquo; leveres i gr\u00e5 eller krem farge. Steinen avgj\u00f8r utseendet og form. Alle marmor produkter er unike i farge og m\u00f8nster. Benytt kun rengj\u00f8ringsmidler beregnet for marmor. M\u00e5l: Dia. 35 x 15 (H) cm<\/p>\n","protected":false},"featured_media":1894,"template":"","meta":{"om_disable_all_campaigns":false,"_monsterinsights_skip_tracking":false,"_monsterinsights_sitenote_active":false,"_monsterinsights_sitenote_note":"","_monsterinsights_sitenote_category":0},"acf":[],"aioseo_notices":[],"_links":{"self":[{"href":"https:\/\/ecodeco-design.com\/no\/wp-json\/wp\/v2\/product\/1204"}],"collection":[{"href":"https:\/\/ecodeco-design.com\/no\/wp-json\/wp\/v2\/product"}],"about":[{"href":"https:\/\/ecodeco-design.com\/no\/wp-json\/wp\/v2\/types\/product"}],"wp:featuredmedia":[{"embeddable":true,"href":"https:\/\/ecodeco-design.com\/no\/wp-json\/wp\/v2\/media\/1894"}],"wp:attachment":[{"href":"https:\/\/ecodeco-design.com\/no\/wp-json\/wp\/v2\/media?parent=1204"}],"curies":[{"name":"wp","href":"https:\/\/api.w.org\/{rel}","templated":true}]}}