{"id":1200,"date":"2020-11-23T07:40:10","date_gmt":"2020-11-23T07:40:10","guid":{"rendered":"https:\/\/dev.ecodeco-design.com\/\/?post_type=product&#038;p=1200"},"modified":"2025-02-28T14:32:50","modified_gmt":"2025-02-28T14:32:50","slug":"sink-bascom-medium","status":"publish","type":"product","link":"https:\/\/ecodeco-design.com\/no\/product\/sink-bascom-medium\/","title":{"rendered":"Marmor vask &laquo;Bascom&raquo;. Gr\u00e5 eller krem farge."},"content":{"rendered":"<p><strong>Kode:<\/strong> MRB024C \/ MRB024G &#8211; MRB007C \/ MRB007G<br \/>\n<strong>Beskrivelse:<\/strong><br \/>\nBolleformet marmor vask med glatt, polert overflate b\u00e5de innvendig og utvendig. Gr\u00e5 eller krem farge. &laquo;Bascom&raquo; vask leveres i to st\u00f8rrelser.  Alle marmor produkter er unike i farge og m\u00f8nster. Benytt kun rengj\u00f8ringsmidler beregnet for marmor.<br \/>\n<strong>M\u00e5l:<\/strong> <\/p>\n<li>MRB007C \/ MRB007G &#8211; Liten : 35 (dia) x 15 (H) cm\n<li>MRB024C \/ MRB024G &#8211; Medium : 40 (dia) x 15 (H) cm<br \/>","protected":false},"excerpt":{"rendered":"<p>Kode: MRB024C \/ MRB024G &#8211; MRB007C \/ MRB007G Beskrivelse: Bolleformet marmor vask med glatt, polert overflate b\u00e5de innvendig og utvendig. Gr\u00e5 eller krem farge. &laquo;Bascom&raquo; vask leveres i to st\u00f8rrelser. Alle marmor produkter er unike i farge og m\u00f8nster. Benytt kun rengj\u00f8ringsmidler beregnet for marmor. M\u00e5l: MRB007C \/ MRB007G &#8211; Liten : 35 (dia) x [&hellip;]<\/p>\n","protected":false},"featured_media":1897,"template":"","meta":{"om_disable_all_campaigns":false,"_monsterinsights_skip_tracking":false,"_monsterinsights_sitenote_active":false,"_monsterinsights_sitenote_note":"","_monsterinsights_sitenote_category":0},"acf":[],"aioseo_notices":[],"_links":{"self":[{"href":"https:\/\/ecodeco-design.com\/no\/wp-json\/wp\/v2\/product\/1200"}],"collection":[{"href":"https:\/\/ecodeco-design.com\/no\/wp-json\/wp\/v2\/product"}],"about":[{"href":"https:\/\/ecodeco-design.com\/no\/wp-json\/wp\/v2\/types\/product"}],"wp:featuredmedia":[{"embeddable":true,"href":"https:\/\/ecodeco-design.com\/no\/wp-json\/wp\/v2\/media\/1897"}],"wp:attachment":[{"href":"https:\/\/ecodeco-design.com\/no\/wp-json\/wp\/v2\/media?parent=1200"}],"curies":[{"name":"wp","href":"https:\/\/api.w.org\/{rel}","templated":true}]}}