{"id":1192,"date":"2020-11-23T06:29:28","date_gmt":"2020-11-23T06:29:28","guid":{"rendered":"https:\/\/dev.ecodeco-design.com\/\/?post_type=product&#038;p=1192"},"modified":"2022-09-06T02:33:51","modified_gmt":"2022-09-06T02:33:51","slug":"small-sitting-buddha","status":"publish","type":"product","link":"https:\/\/ecodeco-design.com\/no\/product\/small-sitting-buddha\/","title":{"rendered":"Buddha skulptur &#8211; sittende liten"},"content":{"rendered":"<p><strong>Kode:<\/strong> PRM003<br \/>\n<strong>Beskrivelse:<\/strong><br \/>\nSkulptur av Buddha sittende med \u00e5pne hender. Liten st\u00f8rrelse. St\u00f8pt av m\u00f8rk lavastein. Borobodur stil. Fin patina.<br \/>\n<strong>M\u00e5l:<\/strong><br \/>\n14 (L) x 8 (B) x 18 (H) cm<\/p>","protected":false},"excerpt":{"rendered":"<p>Kode: PRM003 Beskrivelse: Skulptur av Buddha sittende med \u00e5pne hender. Liten st\u00f8rrelse. St\u00f8pt av m\u00f8rk lavastein. Borobodur stil. Fin patina. M\u00e5l: 14 (L) x 8 (B) x 18 (H) cm<\/p>\n","protected":false},"featured_media":1193,"template":"","meta":{"om_disable_all_campaigns":false,"_monsterinsights_skip_tracking":false,"_monsterinsights_sitenote_active":false,"_monsterinsights_sitenote_note":"","_monsterinsights_sitenote_category":0},"acf":[],"aioseo_notices":[],"_links":{"self":[{"href":"https:\/\/ecodeco-design.com\/no\/wp-json\/wp\/v2\/product\/1192"}],"collection":[{"href":"https:\/\/ecodeco-design.com\/no\/wp-json\/wp\/v2\/product"}],"about":[{"href":"https:\/\/ecodeco-design.com\/no\/wp-json\/wp\/v2\/types\/product"}],"wp:featuredmedia":[{"embeddable":true,"href":"https:\/\/ecodeco-design.com\/no\/wp-json\/wp\/v2\/media\/1193"}],"wp:attachment":[{"href":"https:\/\/ecodeco-design.com\/no\/wp-json\/wp\/v2\/media?parent=1192"}],"curies":[{"name":"wp","href":"https:\/\/api.w.org\/{rel}","templated":true}]}}