{"id":1190,"date":"2020-11-23T06:28:06","date_gmt":"2020-11-23T06:28:06","guid":{"rendered":"https:\/\/dev.ecodeco-design.com\/\/?post_type=product&#038;p=1190"},"modified":"2022-09-06T03:05:19","modified_gmt":"2022-09-06T03:05:19","slug":"small-happy-buddha","status":"publish","type":"product","link":"https:\/\/ecodeco-design.com\/no\/product\/small-happy-buddha\/","title":{"rendered":"Happy Buddha skulptur &#8211; liten st\u00f8rrelse"},"content":{"rendered":"<p><strong>Kode: <\/strong>UNG001<br \/>\n<strong>Beskrivelse:<\/strong><br \/>\n<span class=\"JLqJ4b ChMk0b\" data-language-for-alternatives=\"no\" data-language-to-translate-into=\"en\" data-phrase-index=\"6\" data-number-of-phrases=\"10\"><span class=\"Q4iAWc\">Skulptur av Happy Buddha (Laughing Buddha \/ Budai).<\/span><\/span>\u00a0<span class=\"JLqJ4b ChMk0b\" data-language-for-alternatives=\"no\" data-language-to-translate-into=\"en\" data-phrase-index=\"7\" data-number-of-phrases=\"10\"><span class=\"Q4iAWc\">St\u00f8pt av gr\u00e5 lavastein. Liten st\u00f8rrelse.<\/span><\/span><br \/>\n<strong>M\u00e5l:<\/strong><br \/>\n10 (L) x 9 (B) x 10 (H) cm<\/p>","protected":false},"excerpt":{"rendered":"<p>Kode: UNG001 Beskrivelse: Skulptur av Happy Buddha (Laughing Buddha \/ Budai).\u00a0St\u00f8pt av gr\u00e5 lavastein. Liten st\u00f8rrelse. M\u00e5l: 10 (L) x 9 (B) x 10 (H) cm<\/p>\n","protected":false},"featured_media":1922,"template":"","meta":{"om_disable_all_campaigns":false,"_monsterinsights_skip_tracking":false,"_monsterinsights_sitenote_active":false,"_monsterinsights_sitenote_note":"","_monsterinsights_sitenote_category":0},"acf":[],"aioseo_notices":[],"_links":{"self":[{"href":"https:\/\/ecodeco-design.com\/no\/wp-json\/wp\/v2\/product\/1190"}],"collection":[{"href":"https:\/\/ecodeco-design.com\/no\/wp-json\/wp\/v2\/product"}],"about":[{"href":"https:\/\/ecodeco-design.com\/no\/wp-json\/wp\/v2\/types\/product"}],"wp:featuredmedia":[{"embeddable":true,"href":"https:\/\/ecodeco-design.com\/no\/wp-json\/wp\/v2\/media\/1922"}],"wp:attachment":[{"href":"https:\/\/ecodeco-design.com\/no\/wp-json\/wp\/v2\/media?parent=1190"}],"curies":[{"name":"wp","href":"https:\/\/api.w.org\/{rel}","templated":true}]}}