{"id":1186,"date":"2020-11-23T06:25:03","date_gmt":"2020-11-23T06:25:03","guid":{"rendered":"https:\/\/dev.ecodeco-design.com\/\/?post_type=product&#038;p=1186"},"modified":"2022-09-06T02:26:38","modified_gmt":"2022-09-06T02:26:38","slug":"small-buddha-half-body","status":"publish","type":"product","link":"https:\/\/ecodeco-design.com\/no\/product\/small-buddha-half-body\/","title":{"rendered":"Buddha skulptur &#8211; byste type"},"content":{"rendered":"<p><strong>Kode: <\/strong>PRM009<br \/>\n<strong>Beskrivelse:<\/strong><br \/>\n<span class=\"JLqJ4b ChMk0b\" data-language-for-alternatives=\"no\" data-language-to-translate-into=\"en\" data-phrase-index=\"6\" data-number-of-phrases=\"14\"><span class=\"Q4iAWc\">Skulptur av Buddha laget i bystestil.<\/span><\/span> <span class=\"JLqJ4b ChMk0b\" data-language-for-alternatives=\"no\" data-language-to-translate-into=\"en\" data-phrase-index=\"7\" data-number-of-phrases=\"14\"><span class=\"Q4iAWc\">Grovt kuttede skuldre.<\/span><\/span> <span class=\"JLqJ4b ChMk0b\" data-language-for-alternatives=\"no\" data-language-to-translate-into=\"en\" data-phrase-index=\"8\" data-number-of-phrases=\"14\"><span class=\"Q4iAWc\">St\u00f8pt av gr\u00e5 lavastein.<\/span><\/span> <span class=\"JLqJ4b ChMk0b\" data-language-for-alternatives=\"no\" data-language-to-translate-into=\"en\" data-phrase-index=\"9\" data-number-of-phrases=\"14\"><span class=\"Q4iAWc\">Borobodur-stil.<\/span><\/span><br \/>\n<strong>M\u00e5l:<\/strong><br \/>\n12 (L) x 7 (W) x 16 (H) cm<\/p>","protected":false},"excerpt":{"rendered":"<p>Kode: PRM009 Beskrivelse: Skulptur av Buddha laget i bystestil. Grovt kuttede skuldre. St\u00f8pt av gr\u00e5 lavastein. Borobodur-stil. M\u00e5l: 12 (L) x 7 (W) x 16 (H) cm<\/p>\n","protected":false},"featured_media":1934,"template":"","meta":{"om_disable_all_campaigns":false,"_monsterinsights_skip_tracking":false,"_monsterinsights_sitenote_active":false,"_monsterinsights_sitenote_note":"","_monsterinsights_sitenote_category":0},"acf":[],"aioseo_notices":[],"_links":{"self":[{"href":"https:\/\/ecodeco-design.com\/no\/wp-json\/wp\/v2\/product\/1186"}],"collection":[{"href":"https:\/\/ecodeco-design.com\/no\/wp-json\/wp\/v2\/product"}],"about":[{"href":"https:\/\/ecodeco-design.com\/no\/wp-json\/wp\/v2\/types\/product"}],"wp:featuredmedia":[{"embeddable":true,"href":"https:\/\/ecodeco-design.com\/no\/wp-json\/wp\/v2\/media\/1934"}],"wp:attachment":[{"href":"https:\/\/ecodeco-design.com\/no\/wp-json\/wp\/v2\/media?parent=1186"}],"curies":[{"name":"wp","href":"https:\/\/api.w.org\/{rel}","templated":true}]}}