{"id":1184,"date":"2020-11-23T06:23:48","date_gmt":"2020-11-23T06:23:48","guid":{"rendered":"https:\/\/dev.ecodeco-design.com\/\/?post_type=product&#038;p=1184"},"modified":"2022-09-06T02:37:31","modified_gmt":"2022-09-06T02:37:31","slug":"sitting-munk-in-meditation","status":"publish","type":"product","link":"https:\/\/ecodeco-design.com\/no\/product\/sitting-munk-in-meditation\/","title":{"rendered":"Buddhistisk munk skulptur &#8211; i meditasjon"},"content":{"rendered":"<p><strong>Kode:<\/strong> PRM008<br \/>\n<strong>Beskrivelse:<\/strong><br \/>\nSkulptur av buddhistisk munk som mediterer. St\u00f8pt av gr\u00e5 lavastein.<br \/>\n<strong>M\u00e5l:<\/strong><br \/>\n16 (L) x 9 (B) x 18 (H) cm<\/p>","protected":false},"excerpt":{"rendered":"<p>Kode: PRM008 Beskrivelse: Skulptur av buddhistisk munk som mediterer. St\u00f8pt av gr\u00e5 lavastein. M\u00e5l: 16 (L) x 9 (B) x 18 (H) cm<\/p>\n","protected":false},"featured_media":1924,"template":"","meta":{"om_disable_all_campaigns":false,"_monsterinsights_skip_tracking":false,"_monsterinsights_sitenote_active":false,"_monsterinsights_sitenote_note":"","_monsterinsights_sitenote_category":0},"acf":[],"aioseo_notices":[],"_links":{"self":[{"href":"https:\/\/ecodeco-design.com\/no\/wp-json\/wp\/v2\/product\/1184"}],"collection":[{"href":"https:\/\/ecodeco-design.com\/no\/wp-json\/wp\/v2\/product"}],"about":[{"href":"https:\/\/ecodeco-design.com\/no\/wp-json\/wp\/v2\/types\/product"}],"wp:featuredmedia":[{"embeddable":true,"href":"https:\/\/ecodeco-design.com\/no\/wp-json\/wp\/v2\/media\/1924"}],"wp:attachment":[{"href":"https:\/\/ecodeco-design.com\/no\/wp-json\/wp\/v2\/media?parent=1184"}],"curies":[{"name":"wp","href":"https:\/\/api.w.org\/{rel}","templated":true}]}}