{"id":1176,"date":"2020-11-23T06:16:12","date_gmt":"2020-11-23T06:16:12","guid":{"rendered":"https:\/\/dev.ecodeco-design.com\/\/?post_type=product&#038;p=1176"},"modified":"2022-09-06T02:35:15","modified_gmt":"2022-09-06T02:35:15","slug":"sitting-buddha-medium","status":"publish","type":"product","link":"https:\/\/ecodeco-design.com\/no\/product\/sitting-buddha-medium\/","title":{"rendered":"Buddha skulptur &#8211; sittende med \u00e5pne hender"},"content":{"rendered":"<p><strong>Kode:<\/strong> ROT010<br \/>\n<strong>Beskrivelse:<\/strong><br \/>\nSkulptur av Buddha sittende med \u00e5pne hender. St\u00f8pt av m\u00f8rk gr\u00e5 lavastein. Borobodur stil. Fin patina.<br \/>\n<strong>M\u00e5l:<\/strong><br \/>\n23 (W) x 32 (H) cm<\/p>","protected":false},"excerpt":{"rendered":"<p>Kode: ROT010 Beskrivelse: Skulptur av Buddha sittende med \u00e5pne hender. St\u00f8pt av m\u00f8rk gr\u00e5 lavastein. Borobodur stil. Fin patina. M\u00e5l: 23 (W) x 32 (H) cm<\/p>\n","protected":false},"featured_media":1177,"template":"","meta":{"om_disable_all_campaigns":false,"_monsterinsights_skip_tracking":false,"_monsterinsights_sitenote_active":false,"_monsterinsights_sitenote_note":"","_monsterinsights_sitenote_category":0},"acf":[],"aioseo_notices":[],"_links":{"self":[{"href":"https:\/\/ecodeco-design.com\/no\/wp-json\/wp\/v2\/product\/1176"}],"collection":[{"href":"https:\/\/ecodeco-design.com\/no\/wp-json\/wp\/v2\/product"}],"about":[{"href":"https:\/\/ecodeco-design.com\/no\/wp-json\/wp\/v2\/types\/product"}],"wp:featuredmedia":[{"embeddable":true,"href":"https:\/\/ecodeco-design.com\/no\/wp-json\/wp\/v2\/media\/1177"}],"wp:attachment":[{"href":"https:\/\/ecodeco-design.com\/no\/wp-json\/wp\/v2\/media?parent=1176"}],"curies":[{"name":"wp","href":"https:\/\/api.w.org\/{rel}","templated":true}]}}