{"id":1168,"date":"2020-11-23T06:10:44","date_gmt":"2020-11-23T06:10:44","guid":{"rendered":"https:\/\/dev.ecodeco-design.com\/\/?post_type=product&#038;p=1168"},"modified":"2022-09-06T03:01:17","modified_gmt":"2022-09-06T03:01:17","slug":"shiva","status":"publish","type":"product","link":"https:\/\/ecodeco-design.com\/no\/product\/shiva\/","title":{"rendered":"Guanyin skulptur"},"content":{"rendered":"<p><strong>Kode: <\/strong>PRM015<br \/>\n<strong>Beskrivelse:<\/strong><br \/>\nGuanyin skulptur st\u00f8pt av m\u00f8rk gr\u00e5 lavastein.\u00a0I kinesisk buddhisme representerer Guanyin uendelig medf\u00f8lelse og barmhjertighet.<br \/>\n<strong>M\u00e5l:<\/strong><br \/>\n13 (L) x 8 (B) x 18 (H) cm<\/p>","protected":false},"excerpt":{"rendered":"<p>Kode: PRM015 Beskrivelse: Guanyin skulptur st\u00f8pt av m\u00f8rk gr\u00e5 lavastein.\u00a0I kinesisk buddhisme representerer Guanyin uendelig medf\u00f8lelse og barmhjertighet. M\u00e5l: 13 (L) x 8 (B) x 18 (H) cm<\/p>\n","protected":false},"featured_media":1921,"template":"","meta":{"om_disable_all_campaigns":false,"_monsterinsights_skip_tracking":false,"_monsterinsights_sitenote_active":false,"_monsterinsights_sitenote_note":"","_monsterinsights_sitenote_category":0},"acf":[],"aioseo_notices":[],"_links":{"self":[{"href":"https:\/\/ecodeco-design.com\/no\/wp-json\/wp\/v2\/product\/1168"}],"collection":[{"href":"https:\/\/ecodeco-design.com\/no\/wp-json\/wp\/v2\/product"}],"about":[{"href":"https:\/\/ecodeco-design.com\/no\/wp-json\/wp\/v2\/types\/product"}],"wp:featuredmedia":[{"embeddable":true,"href":"https:\/\/ecodeco-design.com\/no\/wp-json\/wp\/v2\/media\/1921"}],"wp:attachment":[{"href":"https:\/\/ecodeco-design.com\/no\/wp-json\/wp\/v2\/media?parent=1168"}],"curies":[{"name":"wp","href":"https:\/\/api.w.org\/{rel}","templated":true}]}}