{"id":1160,"date":"2020-11-23T06:04:58","date_gmt":"2020-11-23T06:04:58","guid":{"rendered":"https:\/\/dev.ecodeco-design.com\/\/?post_type=product&#038;p=1160"},"modified":"2022-09-06T03:03:14","modified_gmt":"2022-09-06T03:03:14","slug":"happy-buddha-on-lotus-petals","status":"publish","type":"product","link":"https:\/\/ecodeco-design.com\/no\/product\/happy-buddha-on-lotus-petals\/","title":{"rendered":"Happy Buddha skulptur &#8211; medium st\u00f8rrelse"},"content":{"rendered":"<p><strong>Kode:<\/strong> PRM010<br \/>\n<strong>Beskrivelse:<\/strong><br \/>\n<span class=\"JLqJ4b ChMk0b\" data-language-for-alternatives=\"no\" data-language-to-translate-into=\"en\" data-phrase-index=\"6\" data-number-of-phrases=\"10\"><span class=\"Q4iAWc\">Skulptur av Happy Buddha (Laughing Buddha \/ Budai).<\/span><\/span> <span class=\"JLqJ4b ChMk0b\" data-language-for-alternatives=\"no\" data-language-to-translate-into=\"en\" data-phrase-index=\"7\" data-number-of-phrases=\"10\"><span class=\"Q4iAWc\">St\u00f8pt av gr\u00e5 lavastein.<\/span><\/span><br \/>\n<strong>M\u00e5l: <\/strong><br \/>\n15 (L) x 10 (B) x 16 (H) cm<\/p>","protected":false},"excerpt":{"rendered":"<p>Kode: PRM010 Beskrivelse: Skulptur av Happy Buddha (Laughing Buddha \/ Budai). St\u00f8pt av gr\u00e5 lavastein. M\u00e5l: 15 (L) x 10 (B) x 16 (H) cm<\/p>\n","protected":false},"featured_media":1923,"template":"","meta":{"om_disable_all_campaigns":false,"_monsterinsights_skip_tracking":false,"_monsterinsights_sitenote_active":false,"_monsterinsights_sitenote_note":"","_monsterinsights_sitenote_category":0},"acf":[],"aioseo_notices":[],"_links":{"self":[{"href":"https:\/\/ecodeco-design.com\/no\/wp-json\/wp\/v2\/product\/1160"}],"collection":[{"href":"https:\/\/ecodeco-design.com\/no\/wp-json\/wp\/v2\/product"}],"about":[{"href":"https:\/\/ecodeco-design.com\/no\/wp-json\/wp\/v2\/types\/product"}],"wp:featuredmedia":[{"embeddable":true,"href":"https:\/\/ecodeco-design.com\/no\/wp-json\/wp\/v2\/media\/1923"}],"wp:attachment":[{"href":"https:\/\/ecodeco-design.com\/no\/wp-json\/wp\/v2\/media?parent=1160"}],"curies":[{"name":"wp","href":"https:\/\/api.w.org\/{rel}","templated":true}]}}