{"id":1156,"date":"2020-11-23T05:47:35","date_gmt":"2020-11-23T05:47:35","guid":{"rendered":"https:\/\/dev.ecodeco-design.com\/\/?post_type=product&#038;p=1156"},"modified":"2022-09-06T02:58:47","modified_gmt":"2022-09-06T02:58:47","slug":"ganesha-figurine","status":"publish","type":"product","link":"https:\/\/ecodeco-design.com\/no\/product\/ganesha-figurine\/","title":{"rendered":"Ganesha skulptur"},"content":{"rendered":"<p><strong>Kode:<\/strong> ROT022<br \/>\n<strong>Beskrivelse:<\/strong><br \/>\n<span class=\"JLqJ4b ChMk0b\" data-language-for-alternatives=\"no\" data-language-to-translate-into=\"en\" data-phrase-index=\"0\" data-number-of-phrases=\"7\"><span class=\"Q4iAWc\">En skulptur med fine detaljer av hinduguden Ganesha. <\/span><\/span><span class=\"JLqJ4b ChMk0b\" data-language-for-alternatives=\"no\" data-language-to-translate-into=\"en\" data-phrase-index=\"2\" data-number-of-phrases=\"7\"><span class=\"Q4iAWc\">St\u00f8pt av m\u00f8rk gr\u00e5 lavastein. Ganesha symboliserer visdom, forst\u00e5else, velstand og lykke. <\/span><\/span><br \/>\n<strong>M\u00e5l: <\/strong><br \/>\n13 (L) x 10 (B) x 20 (H) cm<\/p>","protected":false},"excerpt":{"rendered":"<p>Kode: ROT022 Beskrivelse: En skulptur med fine detaljer av hinduguden Ganesha. St\u00f8pt av m\u00f8rk gr\u00e5 lavastein. Ganesha symboliserer visdom, forst\u00e5else, velstand og lykke. M\u00e5l: 13 (L) x 10 (B) x 20 (H) cm<\/p>\n","protected":false},"featured_media":1918,"template":"","meta":{"om_disable_all_campaigns":false,"_monsterinsights_skip_tracking":false,"_monsterinsights_sitenote_active":false,"_monsterinsights_sitenote_note":"","_monsterinsights_sitenote_category":0},"acf":[],"aioseo_notices":[],"_links":{"self":[{"href":"https:\/\/ecodeco-design.com\/no\/wp-json\/wp\/v2\/product\/1156"}],"collection":[{"href":"https:\/\/ecodeco-design.com\/no\/wp-json\/wp\/v2\/product"}],"about":[{"href":"https:\/\/ecodeco-design.com\/no\/wp-json\/wp\/v2\/types\/product"}],"wp:featuredmedia":[{"embeddable":true,"href":"https:\/\/ecodeco-design.com\/no\/wp-json\/wp\/v2\/media\/1918"}],"wp:attachment":[{"href":"https:\/\/ecodeco-design.com\/no\/wp-json\/wp\/v2\/media?parent=1156"}],"curies":[{"name":"wp","href":"https:\/\/api.w.org\/{rel}","templated":true}]}}