{"id":1146,"date":"2020-11-23T05:40:03","date_gmt":"2020-11-23T05:40:03","guid":{"rendered":"https:\/\/dev.ecodeco-design.com\/\/?post_type=product&#038;p=1146"},"modified":"2022-09-06T02:30:39","modified_gmt":"2022-09-06T02:30:39","slug":"buddha-sitting-on-lotus-in-yoga-position","status":"publish","type":"product","link":"https:\/\/ecodeco-design.com\/no\/product\/buddha-sitting-on-lotus-in-yoga-position\/","title":{"rendered":"Buddha skulptur &#8211; sittende p\u00e5 lotus trone"},"content":{"rendered":"<p><strong>Kode:<\/strong> PRM006<br \/>\n<strong>Beskrivelse:<\/strong><br \/>\nSkulptur av Buddha som sitter p\u00e5 en lotus trone. St\u00f8pt av m\u00f8rk gr\u00e5 lavastein. Borobodur stil. Fin patina.<br \/>\n<strong>M\u00e5l: <\/strong><br \/>\n23 (L) x 15 (B) x 30 (H) cm<\/p>","protected":false},"excerpt":{"rendered":"<p>Kode: PRM006 Beskrivelse: Skulptur av Buddha som sitter p\u00e5 en lotus trone. St\u00f8pt av m\u00f8rk gr\u00e5 lavastein. Borobodur stil. Fin patina. M\u00e5l: 23 (L) x 15 (B) x 30 (H) cm<\/p>\n","protected":false},"featured_media":1933,"template":"","meta":{"om_disable_all_campaigns":false,"_monsterinsights_skip_tracking":false,"_monsterinsights_sitenote_active":false,"_monsterinsights_sitenote_note":"","_monsterinsights_sitenote_category":0},"acf":[],"aioseo_notices":[],"_links":{"self":[{"href":"https:\/\/ecodeco-design.com\/no\/wp-json\/wp\/v2\/product\/1146"}],"collection":[{"href":"https:\/\/ecodeco-design.com\/no\/wp-json\/wp\/v2\/product"}],"about":[{"href":"https:\/\/ecodeco-design.com\/no\/wp-json\/wp\/v2\/types\/product"}],"wp:featuredmedia":[{"embeddable":true,"href":"https:\/\/ecodeco-design.com\/no\/wp-json\/wp\/v2\/media\/1933"}],"wp:attachment":[{"href":"https:\/\/ecodeco-design.com\/no\/wp-json\/wp\/v2\/media?parent=1146"}],"curies":[{"name":"wp","href":"https:\/\/api.w.org\/{rel}","templated":true}]}}