{"id":1130,"date":"2020-11-23T05:12:30","date_gmt":"2020-11-23T05:12:30","guid":{"rendered":"https:\/\/dev.ecodeco-design.com\/\/?post_type=product&#038;p=1130"},"modified":"2022-09-02T17:47:34","modified_gmt":"2022-09-02T17:47:34","slug":"white-gravel","status":"publish","type":"product","link":"https:\/\/ecodeco-design.com\/no\/product\/white-gravel\/","title":{"rendered":"Timor dekorgrus hvit"},"content":{"rendered":"<p><strong>Kode:<\/strong> RST002<br \/>\n<strong>Beskrivelse:<\/strong><br \/>\nHvit \/ gr\u00e5lig dekorgrus fra \u00f8ya Timor. Pakket i 1 kg nettingposer.<br \/>\n<strong>M\u00e5l:<\/strong><br \/>\nCa. 0,5 cm.<\/p>","protected":false},"excerpt":{"rendered":"<p>Kode: RST002 Beskrivelse: Hvit \/ gr\u00e5lig dekorgrus fra \u00f8ya Timor. Pakket i 1 kg nettingposer. M\u00e5l: Ca. 0,5 cm.<\/p>\n","protected":false},"featured_media":1131,"template":"","meta":{"om_disable_all_campaigns":false,"_monsterinsights_skip_tracking":false,"_monsterinsights_sitenote_active":false,"_monsterinsights_sitenote_note":"","_monsterinsights_sitenote_category":0},"acf":[],"aioseo_notices":[],"_links":{"self":[{"href":"https:\/\/ecodeco-design.com\/no\/wp-json\/wp\/v2\/product\/1130"}],"collection":[{"href":"https:\/\/ecodeco-design.com\/no\/wp-json\/wp\/v2\/product"}],"about":[{"href":"https:\/\/ecodeco-design.com\/no\/wp-json\/wp\/v2\/types\/product"}],"wp:featuredmedia":[{"embeddable":true,"href":"https:\/\/ecodeco-design.com\/no\/wp-json\/wp\/v2\/media\/1131"}],"wp:attachment":[{"href":"https:\/\/ecodeco-design.com\/no\/wp-json\/wp\/v2\/media?parent=1130"}],"curies":[{"name":"wp","href":"https:\/\/api.w.org\/{rel}","templated":true}]}}