{"id":1118,"date":"2020-11-23T05:03:57","date_gmt":"2020-11-23T05:03:57","guid":{"rendered":"https:\/\/dev.ecodeco-design.com\/\/?post_type=product&#038;p=1118"},"modified":"2022-08-26T15:44:25","modified_gmt":"2022-08-26T15:44:25","slug":"rolling-stone-door-mat-cream-2","status":"publish","type":"product","link":"https:\/\/ecodeco-design.com\/no\/product\/rolling-stone-door-mat-cream-2\/","title":{"rendered":"D\u00f8rmatte rullestein krem"},"content":{"rendered":"<p><strong>Kode: <\/strong>MRB020<br \/>\n<strong>Beskrivelse:<\/strong><br \/>\nVakker d\u00f8rmatte laget av krem elvestein som er n\u00f8ye tilpasset hverandre. Festet til svart gummi.<br \/>\n<strong>M\u00e5l:<\/strong><br \/>\n70 (L) x 50 (B) cm<\/p>","protected":false},"excerpt":{"rendered":"<p>Kode: MRB020 Beskrivelse: Vakker d\u00f8rmatte laget av krem elvestein som er n\u00f8ye tilpasset hverandre. Festet til svart gummi. M\u00e5l: 70 (L) x 50 (B) cm<\/p>\n","protected":false},"featured_media":1892,"template":"","meta":{"om_disable_all_campaigns":false,"_monsterinsights_skip_tracking":false,"_monsterinsights_sitenote_active":false,"_monsterinsights_sitenote_note":"","_monsterinsights_sitenote_category":0},"acf":[],"aioseo_notices":[],"_links":{"self":[{"href":"https:\/\/ecodeco-design.com\/no\/wp-json\/wp\/v2\/product\/1118"}],"collection":[{"href":"https:\/\/ecodeco-design.com\/no\/wp-json\/wp\/v2\/product"}],"about":[{"href":"https:\/\/ecodeco-design.com\/no\/wp-json\/wp\/v2\/types\/product"}],"wp:featuredmedia":[{"embeddable":true,"href":"https:\/\/ecodeco-design.com\/no\/wp-json\/wp\/v2\/media\/1892"}],"wp:attachment":[{"href":"https:\/\/ecodeco-design.com\/no\/wp-json\/wp\/v2\/media?parent=1118"}],"curies":[{"name":"wp","href":"https:\/\/api.w.org\/{rel}","templated":true}]}}