{"id":1103,"date":"2020-11-21T18:54:52","date_gmt":"2020-11-21T18:54:52","guid":{"rendered":"https:\/\/dev.ecodeco-design.com\/\/?post_type=product&#038;p=1103"},"modified":"2022-08-26T16:22:27","modified_gmt":"2022-08-26T16:22:27","slug":"tumbuk-jamu-stone-mortar","status":"publish","type":"product","link":"https:\/\/ecodeco-design.com\/no\/product\/tumbuk-jamu-stone-mortar\/","title":{"rendered":"Elvestein morter"},"content":{"rendered":"<p><strong>Kode:<\/strong> ROG001<br \/>\n<strong>Beskrivelse:<\/strong><br \/>\nMorter og st\u00f8ter laget av gr\u00e5aktig elvestein. Alle mortere er forskjellige fra hverandre avhengig av formen og fargen p\u00e5 steinen.<br \/>\n<strong>M\u00e5l:<\/strong><br \/>\nMorter &#8211; Ca. 15 (dia) cm<br \/>\nSt\u00f8ter &#8211; 16 (L) cm<\/p>","protected":false},"excerpt":{"rendered":"<p>Kode: ROG001 Beskrivelse: Morter og st\u00f8ter laget av gr\u00e5aktig elvestein. Alle mortere er forskjellige fra hverandre avhengig av formen og fargen p\u00e5 steinen. M\u00e5l: Morter &#8211; Ca. 15 (dia) cm St\u00f8ter &#8211; 16 (L) cm<\/p>\n","protected":false},"featured_media":1814,"template":"","meta":{"om_disable_all_campaigns":false,"_monsterinsights_skip_tracking":false,"_monsterinsights_sitenote_active":false,"_monsterinsights_sitenote_note":"","_monsterinsights_sitenote_category":0},"acf":[],"aioseo_notices":[],"_links":{"self":[{"href":"https:\/\/ecodeco-design.com\/no\/wp-json\/wp\/v2\/product\/1103"}],"collection":[{"href":"https:\/\/ecodeco-design.com\/no\/wp-json\/wp\/v2\/product"}],"about":[{"href":"https:\/\/ecodeco-design.com\/no\/wp-json\/wp\/v2\/types\/product"}],"wp:featuredmedia":[{"embeddable":true,"href":"https:\/\/ecodeco-design.com\/no\/wp-json\/wp\/v2\/media\/1814"}],"wp:attachment":[{"href":"https:\/\/ecodeco-design.com\/no\/wp-json\/wp\/v2\/media?parent=1103"}],"curies":[{"name":"wp","href":"https:\/\/api.w.org\/{rel}","templated":true}]}}