{"id":1100,"date":"2020-11-21T18:52:30","date_gmt":"2020-11-21T18:52:30","guid":{"rendered":"https:\/\/dev.ecodeco-design.com\/\/?post_type=product&#038;p=1100"},"modified":"2025-02-28T13:34:10","modified_gmt":"2025-02-28T13:34:10","slug":"tray-grey","status":"publish","type":"product","link":"https:\/\/ecodeco-design.com\/no\/product\/tray-grey\/","title":{"rendered":"Marmor brett gr\u00e5"},"content":{"rendered":"<p><strong>Kode: <\/strong>RNB015 ; RNB005 ; RNB020<br \/>\n<strong>Beskrivelse:<\/strong><br \/>\nElegante brett i gr\u00e5farget marmor i tre st\u00f8rrelser for alle typer bruk. Rektangul\u00e6re brett med rette kanter i marmor. F\u00e5s ogs\u00e5 i krem farge. Alle marmor produkter er unike i farge og m\u00f8nster. Benytt kun rengj\u00f8ringsmidler beregnet for marmor.<br \/>\n<strong>M\u00e5l: <\/strong><\/p>\n<li>RNB015 &#8211; Liten : 23 (L) x 10 (B) x 3 (H) cm\n<li>RNB005 &#8211; Medium : 30 (L) x 15 (B) x 3 (H) cm\n<li>RNB020 &#8211; Stor : 38 (L) x 18 (B) x 3 (H) cm<br \/>","protected":false},"excerpt":{"rendered":"<p>Kode: RNB015 ; RNB005 ; RNB020 Beskrivelse: Elegante brett i gr\u00e5farget marmor i tre st\u00f8rrelser for alle typer bruk. Rektangul\u00e6re brett med rette kanter i marmor. F\u00e5s ogs\u00e5 i krem farge. Alle marmor produkter er unike i farge og m\u00f8nster. Benytt kun rengj\u00f8ringsmidler beregnet for marmor. M\u00e5l: RNB015 &#8211; Liten : 23 (L) x 10 [&hellip;]<\/p>\n","protected":false},"featured_media":1851,"template":"","meta":{"om_disable_all_campaigns":false,"_monsterinsights_skip_tracking":false,"_monsterinsights_sitenote_active":false,"_monsterinsights_sitenote_note":"","_monsterinsights_sitenote_category":0},"acf":[],"aioseo_notices":[],"_links":{"self":[{"href":"https:\/\/ecodeco-design.com\/no\/wp-json\/wp\/v2\/product\/1100"}],"collection":[{"href":"https:\/\/ecodeco-design.com\/no\/wp-json\/wp\/v2\/product"}],"about":[{"href":"https:\/\/ecodeco-design.com\/no\/wp-json\/wp\/v2\/types\/product"}],"wp:featuredmedia":[{"embeddable":true,"href":"https:\/\/ecodeco-design.com\/no\/wp-json\/wp\/v2\/media\/1851"}],"wp:attachment":[{"href":"https:\/\/ecodeco-design.com\/no\/wp-json\/wp\/v2\/media?parent=1100"}],"curies":[{"name":"wp","href":"https:\/\/api.w.org\/{rel}","templated":true}]}}