{"id":1094,"date":"2020-11-21T18:47:46","date_gmt":"2020-11-21T18:47:46","guid":{"rendered":"https:\/\/dev.ecodeco-design.com\/\/?post_type=product&#038;p=1094"},"modified":"2025-02-28T13:09:40","modified_gmt":"2025-02-28T13:09:40","slug":"toilet-brush-stand-cream","status":"publish","type":"product","link":"https:\/\/ecodeco-design.com\/no\/product\/toilet-brush-stand-cream\/","title":{"rendered":"Marmor toalettb\u00f8rsteholder"},"content":{"rendered":"<p><strong>Kode: <\/strong>RNB007 ; RNB008<br \/>\n<strong>Beskrivelse: <\/strong><br \/>\nMarmor toalettb\u00f8rste holder med stang til b\u00f8rsten i krom. F\u00e5s i gr\u00e5 eller krem farge. Alle marmor produkter er unike i farge og m\u00f8nster. Benytt kun rengj\u00f8ringsmidler beregnet for marmor.<br \/>\n<strong>M\u00e5l: <\/strong><\/p>\n<li>RNB007 &#8211; Cream<\/li>\n<li>RNB008 &#8211; Grey<\/li>\n<p>Holder &#8211; 10 (dia) x 18 (H) cm<br \/>\nStang til b\u00f8rste i holder &#8211; 40 (H) cm<\/p>","protected":false},"excerpt":{"rendered":"<p>Kode: RNB007 ; RNB008 Beskrivelse: Marmor toalettb\u00f8rste holder med stang til b\u00f8rsten i krom. F\u00e5s i gr\u00e5 eller krem farge. Alle marmor produkter er unike i farge og m\u00f8nster. Benytt kun rengj\u00f8ringsmidler beregnet for marmor. M\u00e5l: RNB007 &#8211; Cream RNB008 &#8211; Grey Holder &#8211; 10 (dia) x 18 (H) cm Stang til b\u00f8rste i holder [&hellip;]<\/p>\n","protected":false},"featured_media":1845,"template":"","meta":{"om_disable_all_campaigns":false,"_monsterinsights_skip_tracking":false,"_monsterinsights_sitenote_active":false,"_monsterinsights_sitenote_note":"","_monsterinsights_sitenote_category":0},"acf":[],"aioseo_notices":[],"_links":{"self":[{"href":"https:\/\/ecodeco-design.com\/no\/wp-json\/wp\/v2\/product\/1094"}],"collection":[{"href":"https:\/\/ecodeco-design.com\/no\/wp-json\/wp\/v2\/product"}],"about":[{"href":"https:\/\/ecodeco-design.com\/no\/wp-json\/wp\/v2\/types\/product"}],"wp:featuredmedia":[{"embeddable":true,"href":"https:\/\/ecodeco-design.com\/no\/wp-json\/wp\/v2\/media\/1845"}],"wp:attachment":[{"href":"https:\/\/ecodeco-design.com\/no\/wp-json\/wp\/v2\/media?parent=1094"}],"curies":[{"name":"wp","href":"https:\/\/api.w.org\/{rel}","templated":true}]}}