{"id":1092,"date":"2020-11-21T18:46:04","date_gmt":"2020-11-21T18:46:04","guid":{"rendered":"https:\/\/dev.ecodeco-design.com\/\/?post_type=product&#038;p=1092"},"modified":"2022-08-26T12:56:03","modified_gmt":"2022-08-26T12:56:03","slug":"soya-bowl","status":"publish","type":"product","link":"https:\/\/ecodeco-design.com\/no\/product\/soya-bowl\/","title":{"rendered":"Marmor sk\u00e5l liten"},"content":{"rendered":"<p><strong>Kode:<\/strong> MRB025C ; MRB025G<br \/>\n<strong>Beskrivelse:<\/strong><br \/>\nLiten marmor sk\u00e5 for ringer, smykker, etc. F\u00e5s i gr\u00e5 eller krem farge. Alle marmor produkter er unike i farge og m\u00f8nster. Benytt kun rengj\u00f8ringsmidler beregnet for marmor.<br \/>\n<strong>M\u00e5l: <\/strong><br \/>\n8 (dia) x 3 (H) cm<br \/>\n<\/p>","protected":false},"excerpt":{"rendered":"<p>Kode: MRB025C ; MRB025G Beskrivelse: Liten marmor sk\u00e5 for ringer, smykker, etc. F\u00e5s i gr\u00e5 eller krem farge. Alle marmor produkter er unike i farge og m\u00f8nster. Benytt kun rengj\u00f8ringsmidler beregnet for marmor. M\u00e5l: 8 (dia) x 3 (H) cm<\/p>\n","protected":false},"featured_media":1826,"template":"","meta":{"om_disable_all_campaigns":false,"_monsterinsights_skip_tracking":false,"_monsterinsights_sitenote_active":false,"_monsterinsights_sitenote_note":"","_monsterinsights_sitenote_category":0},"acf":[],"aioseo_notices":[],"_links":{"self":[{"href":"https:\/\/ecodeco-design.com\/no\/wp-json\/wp\/v2\/product\/1092"}],"collection":[{"href":"https:\/\/ecodeco-design.com\/no\/wp-json\/wp\/v2\/product"}],"about":[{"href":"https:\/\/ecodeco-design.com\/no\/wp-json\/wp\/v2\/types\/product"}],"wp:featuredmedia":[{"embeddable":true,"href":"https:\/\/ecodeco-design.com\/no\/wp-json\/wp\/v2\/media\/1826"}],"wp:attachment":[{"href":"https:\/\/ecodeco-design.com\/no\/wp-json\/wp\/v2\/media?parent=1092"}],"curies":[{"name":"wp","href":"https:\/\/api.w.org\/{rel}","templated":true}]}}