{"id":1090,"date":"2020-11-21T18:44:43","date_gmt":"2020-11-21T18:44:43","guid":{"rendered":"https:\/\/dev.ecodeco-design.com\/\/?post_type=product&#038;p=1090"},"modified":"2025-02-28T13:01:41","modified_gmt":"2025-02-28T13:01:41","slug":"soap-dispenser-square-cream","status":"publish","type":"product","link":"https:\/\/ecodeco-design.com\/no\/product\/soap-dispenser-square-cream\/","title":{"rendered":"Marmor s\u00e5pedispenser kvadrat"},"content":{"rendered":"<p><strong>kode:<\/strong> RNB010 ; RNB011<br \/>\n<strong>Beskrivelse:<\/strong><br \/>\nMarmor sylinderformet s\u00e5pedispenser med st\u00e5lfarget pumpe. F\u00e5s i gr\u00e5 eller krem farge. Alle marmor produkter er unike i farge og m\u00f8nster. Benytt kun rengj\u00f8ringsmidler beregnet for marmor.<br \/>\n<strong>M\u00e5l:<\/strong> <\/p>\n<li>RNB010 &#8211; Cream : 6.5 (L) x 6.5 (W) x 13 (H) cm<\/li>\n<li>RNB011 &#8211; Grey : 6.5 (L) x 6.5 (W) x 13 (H) cm<\/li>\n<p><\/p>","protected":false},"excerpt":{"rendered":"<p>kode: RNB010 ; RNB011 Beskrivelse: Marmor sylinderformet s\u00e5pedispenser med st\u00e5lfarget pumpe. F\u00e5s i gr\u00e5 eller krem farge. Alle marmor produkter er unike i farge og m\u00f8nster. Benytt kun rengj\u00f8ringsmidler beregnet for marmor. M\u00e5l: RNB010 &#8211; Cream : 6.5 (L) x 6.5 (W) x 13 (H) cm RNB011 &#8211; Grey : 6.5 (L) x 6.5 (W) [&hellip;]<\/p>\n","protected":false},"featured_media":1877,"template":"","meta":{"om_disable_all_campaigns":false,"_monsterinsights_skip_tracking":false,"_monsterinsights_sitenote_active":false,"_monsterinsights_sitenote_note":"","_monsterinsights_sitenote_category":0},"acf":[],"aioseo_notices":[],"_links":{"self":[{"href":"https:\/\/ecodeco-design.com\/no\/wp-json\/wp\/v2\/product\/1090"}],"collection":[{"href":"https:\/\/ecodeco-design.com\/no\/wp-json\/wp\/v2\/product"}],"about":[{"href":"https:\/\/ecodeco-design.com\/no\/wp-json\/wp\/v2\/types\/product"}],"wp:featuredmedia":[{"embeddable":true,"href":"https:\/\/ecodeco-design.com\/no\/wp-json\/wp\/v2\/media\/1877"}],"wp:attachment":[{"href":"https:\/\/ecodeco-design.com\/no\/wp-json\/wp\/v2\/media?parent=1090"}],"curies":[{"name":"wp","href":"https:\/\/api.w.org\/{rel}","templated":true}]}}