{"id":1086,"date":"2020-11-21T18:40:18","date_gmt":"2020-11-21T18:40:18","guid":{"rendered":"https:\/\/dev.ecodeco-design.com\/\/?post_type=product&#038;p=1086"},"modified":"2025-02-27T15:25:09","modified_gmt":"2025-02-27T15:25:09","slug":"soap-dispenser-globe-cream","status":"publish","type":"product","link":"https:\/\/ecodeco-design.com\/no\/product\/soap-dispenser-globe-cream\/","title":{"rendered":"Marmor s\u00e5pedispenser kule"},"content":{"rendered":"<p><strong>Kode: <\/strong> RNB003 ; RNB004<br \/>\n<strong>Beskrivelse: <\/strong><br \/>\nMarmor kuleformet s\u00e5pedispenser med st\u00e5lfarget pumpe. F\u00e5s i gr\u00e5 eller krem farge. Alle marmor produkter er unike i farge og m\u00f8nster. Benytt kun rengj\u00f8ringsmidler beregnet for marmor.<br \/>\n<strong>M\u00e5l:<\/strong> <\/p>\n<li>RNB003 &#8211; Grey : 12 (dia) x 14 (H) cm<\/li>\n<li>RNB004 &#8211; Cream : 12 (dia) x 14 (H) cm<\/li>\n<p><\/p>","protected":false},"excerpt":{"rendered":"<p>Kode: RNB003 ; RNB004 Beskrivelse: Marmor kuleformet s\u00e5pedispenser med st\u00e5lfarget pumpe. F\u00e5s i gr\u00e5 eller krem farge. Alle marmor produkter er unike i farge og m\u00f8nster. Benytt kun rengj\u00f8ringsmidler beregnet for marmor. M\u00e5l: RNB003 &#8211; Grey : 12 (dia) x 14 (H) cm RNB004 &#8211; Cream : 12 (dia) x 14 (H) cm<\/p>\n","protected":false},"featured_media":1872,"template":"","meta":{"om_disable_all_campaigns":false,"_monsterinsights_skip_tracking":false,"_monsterinsights_sitenote_active":false,"_monsterinsights_sitenote_note":"","_monsterinsights_sitenote_category":0},"acf":[],"aioseo_notices":[],"_links":{"self":[{"href":"https:\/\/ecodeco-design.com\/no\/wp-json\/wp\/v2\/product\/1086"}],"collection":[{"href":"https:\/\/ecodeco-design.com\/no\/wp-json\/wp\/v2\/product"}],"about":[{"href":"https:\/\/ecodeco-design.com\/no\/wp-json\/wp\/v2\/types\/product"}],"wp:featuredmedia":[{"embeddable":true,"href":"https:\/\/ecodeco-design.com\/no\/wp-json\/wp\/v2\/media\/1872"}],"wp:attachment":[{"href":"https:\/\/ecodeco-design.com\/no\/wp-json\/wp\/v2\/media?parent=1086"}],"curies":[{"name":"wp","href":"https:\/\/api.w.org\/{rel}","templated":true}]}}