{"id":1082,"date":"2020-11-21T18:36:49","date_gmt":"2020-11-21T18:36:49","guid":{"rendered":"https:\/\/dev.ecodeco-design.com\/\/?post_type=product&#038;p=1082"},"modified":"2022-08-26T12:25:26","modified_gmt":"2022-08-26T12:25:26","slug":"soap-dispenser-cylinder-cream","status":"publish","type":"product","link":"https:\/\/ecodeco-design.com\/no\/product\/soap-dispenser-cylinder-cream\/","title":{"rendered":"Marmor s\u00e5pedispenser sylinder"},"content":{"rendered":"<p><strong>Kode:<\/strong> MRB027C ; MRB027G<br \/>\n<strong>Beskrivelse:<\/strong><br \/>\nMarmor sylinderformet s\u00e5pedispenser med st\u00e5lfarget pumpe. F\u00e5s i gr\u00e5 eller krem farge. Alle marmor produkter er unike i farge og m\u00f8nster. Benytt kun rengj\u00f8ringsmidler beregnet for marmor.<br \/>\n<strong>M\u00e5l:<\/strong><br \/>\n7,5 (dia) x 18 (H) cm<\/p>","protected":false},"excerpt":{"rendered":"<p>Kode: MRB027C ; MRB027G Beskrivelse: Marmor sylinderformet s\u00e5pedispenser med st\u00e5lfarget pumpe. F\u00e5s i gr\u00e5 eller krem farge. Alle marmor produkter er unike i farge og m\u00f8nster. Benytt kun rengj\u00f8ringsmidler beregnet for marmor. M\u00e5l: 7,5 (dia) x 18 (H) cm<\/p>\n","protected":false},"featured_media":1884,"template":"","meta":{"om_disable_all_campaigns":false,"_monsterinsights_skip_tracking":false,"_monsterinsights_sitenote_active":false,"_monsterinsights_sitenote_note":"","_monsterinsights_sitenote_category":0},"acf":[],"aioseo_notices":[],"_links":{"self":[{"href":"https:\/\/ecodeco-design.com\/no\/wp-json\/wp\/v2\/product\/1082"}],"collection":[{"href":"https:\/\/ecodeco-design.com\/no\/wp-json\/wp\/v2\/product"}],"about":[{"href":"https:\/\/ecodeco-design.com\/no\/wp-json\/wp\/v2\/types\/product"}],"wp:featuredmedia":[{"embeddable":true,"href":"https:\/\/ecodeco-design.com\/no\/wp-json\/wp\/v2\/media\/1884"}],"wp:attachment":[{"href":"https:\/\/ecodeco-design.com\/no\/wp-json\/wp\/v2\/media?parent=1082"}],"curies":[{"name":"wp","href":"https:\/\/api.w.org\/{rel}","templated":true}]}}