{"id":1080,"date":"2020-11-21T18:35:31","date_gmt":"2020-11-21T18:35:31","guid":{"rendered":"https:\/\/dev.ecodeco-design.com\/\/?post_type=product&#038;p=1080"},"modified":"2025-02-27T15:16:43","modified_gmt":"2025-02-27T15:16:43","slug":"soap-dish-with-holes-and-round-corner-cream","status":"publish","type":"product","link":"https:\/\/ecodeco-design.com\/no\/product\/soap-dish-with-holes-and-round-corner-cream\/","title":{"rendered":"Marmor s\u00e5pesk\u00e5l med hull"},"content":{"rendered":"<p><strong>Kode:<\/strong> RNB012 ; RNB013<br \/>\n<strong>Beskrivelse: <\/strong><br \/>\nMarmor s\u00e5pesk\u00e5l med hull og avrundede hj\u00f8rner. F\u00e5s i gr\u00e5 eller krem farge. Alle marmor produkter er unike i farge og m\u00f8nster. Benytt kun rengj\u00f8ringsmidler beregnet for marmor.<br \/>\n<strong>M\u00e5l:<\/strong> <\/p>\n<li>RNB12 &#8211; Cream : 13 (L) x 10 (B) x 2 (H) cm<\/li>\n<li>RNB13 &#8211; Grey : 13 (L) x 10 (B) x 2 (H) cm<\/li>\n<p><\/p>","protected":false},"excerpt":{"rendered":"<p>Kode: RNB012 ; RNB013 Beskrivelse: Marmor s\u00e5pesk\u00e5l med hull og avrundede hj\u00f8rner. F\u00e5s i gr\u00e5 eller krem farge. Alle marmor produkter er unike i farge og m\u00f8nster. Benytt kun rengj\u00f8ringsmidler beregnet for marmor. M\u00e5l: RNB12 &#8211; Cream : 13 (L) x 10 (B) x 2 (H) cm RNB13 &#8211; Grey : 13 (L) x 10 [&hellip;]<\/p>\n","protected":false},"featured_media":1859,"template":"","meta":{"om_disable_all_campaigns":false,"_monsterinsights_skip_tracking":false,"_monsterinsights_sitenote_active":false,"_monsterinsights_sitenote_note":"","_monsterinsights_sitenote_category":0},"acf":[],"aioseo_notices":[],"_links":{"self":[{"href":"https:\/\/ecodeco-design.com\/no\/wp-json\/wp\/v2\/product\/1080"}],"collection":[{"href":"https:\/\/ecodeco-design.com\/no\/wp-json\/wp\/v2\/product"}],"about":[{"href":"https:\/\/ecodeco-design.com\/no\/wp-json\/wp\/v2\/types\/product"}],"wp:featuredmedia":[{"embeddable":true,"href":"https:\/\/ecodeco-design.com\/no\/wp-json\/wp\/v2\/media\/1859"}],"wp:attachment":[{"href":"https:\/\/ecodeco-design.com\/no\/wp-json\/wp\/v2\/media?parent=1080"}],"curies":[{"name":"wp","href":"https:\/\/api.w.org\/{rel}","templated":true}]}}