{"id":1076,"date":"2020-11-21T18:31:37","date_gmt":"2020-11-21T18:31:37","guid":{"rendered":"https:\/\/dev.ecodeco-design.com\/\/?post_type=product&#038;p=1076"},"modified":"2025-02-27T15:07:01","modified_gmt":"2025-02-27T15:07:01","slug":"soap-dish-rectangular-cream","status":"publish","type":"product","link":"https:\/\/ecodeco-design.com\/no\/product\/soap-dish-rectangular-cream\/","title":{"rendered":"Marmor s\u00e5pesk\u00e5l rektangul\u00e6r"},"content":{"rendered":"<p><strong>Kode:<\/strong> RNB001 ; RNB002<br \/>\n<strong>Beskrivelse:<\/strong><br \/>\nRektangul\u00e6r marmor s\u00e5pesk\u00e5l med buet kant. F\u00e5s i gr\u00e5 eller krem farge. Alle marmor produkter er unike i farge og m\u00f8nster. Benytt kun rengj\u00f8ringsmidler beregnet for marmor.<br \/>\n<strong>M\u00e5l:<\/strong> <\/p>\n<li>RNB001 &#8211; Cream : 16 (L) x 10 (W) x 2 (H) cm<\/li>\n<li>RNB002 &#8211; Grey : 16 (L) x 10 (W) x 2 (H) cm<\/li>\n<p><\/p>","protected":false},"excerpt":{"rendered":"<p>Kode: RNB001 ; RNB002 Beskrivelse: Rektangul\u00e6r marmor s\u00e5pesk\u00e5l med buet kant. F\u00e5s i gr\u00e5 eller krem farge. Alle marmor produkter er unike i farge og m\u00f8nster. Benytt kun rengj\u00f8ringsmidler beregnet for marmor. M\u00e5l: RNB001 &#8211; Cream : 16 (L) x 10 (W) x 2 (H) cm RNB002 &#8211; Grey : 16 (L) x 10 (W) [&hellip;]<\/p>\n","protected":false},"featured_media":1842,"template":"","meta":{"om_disable_all_campaigns":false,"_monsterinsights_skip_tracking":false,"_monsterinsights_sitenote_active":false,"_monsterinsights_sitenote_note":"","_monsterinsights_sitenote_category":0},"acf":[],"aioseo_notices":[],"_links":{"self":[{"href":"https:\/\/ecodeco-design.com\/no\/wp-json\/wp\/v2\/product\/1076"}],"collection":[{"href":"https:\/\/ecodeco-design.com\/no\/wp-json\/wp\/v2\/product"}],"about":[{"href":"https:\/\/ecodeco-design.com\/no\/wp-json\/wp\/v2\/types\/product"}],"wp:featuredmedia":[{"embeddable":true,"href":"https:\/\/ecodeco-design.com\/no\/wp-json\/wp\/v2\/media\/1842"}],"wp:attachment":[{"href":"https:\/\/ecodeco-design.com\/no\/wp-json\/wp\/v2\/media?parent=1076"}],"curies":[{"name":"wp","href":"https:\/\/api.w.org\/{rel}","templated":true}]}}