{"id":1070,"date":"2020-11-21T18:28:53","date_gmt":"2020-11-21T18:28:53","guid":{"rendered":"https:\/\/dev.ecodeco-design.com\/\/?post_type=product&#038;p=1070"},"modified":"2022-08-26T12:13:12","modified_gmt":"2022-08-26T12:13:12","slug":"soap-dish-oval-cream","status":"publish","type":"product","link":"https:\/\/ecodeco-design.com\/no\/product\/soap-dish-oval-cream\/","title":{"rendered":"Marmor s\u00e5pesk\u00e5l oval"},"content":{"rendered":"<p><strong>Kode:<\/strong> MRB008C ; MRB008G<br \/>\n<strong>Beskrivelse:<\/strong><br \/>\nElegant oval marmor s\u00e5pesk\u00e5l. F\u00e5s i gr\u00e5 eller krem farge. Alle marmor produkter er unike i farge og m\u00f8nster. Benytt kun rengj\u00f8ringsmidler beregnet for marmor.<br \/>\n<strong>M\u00e5l:<\/strong><br \/>\n10 (L) x 16 (B) x 2 (H) cm <\/p>","protected":false},"excerpt":{"rendered":"<p>Kode: MRB008C ; MRB008G Beskrivelse: Elegant oval marmor s\u00e5pesk\u00e5l. F\u00e5s i gr\u00e5 eller krem farge. Alle marmor produkter er unike i farge og m\u00f8nster. Benytt kun rengj\u00f8ringsmidler beregnet for marmor. M\u00e5l: 10 (L) x 16 (B) x 2 (H) cm<\/p>\n","protected":false},"featured_media":1860,"template":"","meta":{"om_disable_all_campaigns":false,"_monsterinsights_skip_tracking":false,"_monsterinsights_sitenote_active":false,"_monsterinsights_sitenote_note":"","_monsterinsights_sitenote_category":0},"acf":[],"aioseo_notices":[],"_links":{"self":[{"href":"https:\/\/ecodeco-design.com\/no\/wp-json\/wp\/v2\/product\/1070"}],"collection":[{"href":"https:\/\/ecodeco-design.com\/no\/wp-json\/wp\/v2\/product"}],"about":[{"href":"https:\/\/ecodeco-design.com\/no\/wp-json\/wp\/v2\/types\/product"}],"wp:featuredmedia":[{"embeddable":true,"href":"https:\/\/ecodeco-design.com\/no\/wp-json\/wp\/v2\/media\/1860"}],"wp:attachment":[{"href":"https:\/\/ecodeco-design.com\/no\/wp-json\/wp\/v2\/media?parent=1070"}],"curies":[{"name":"wp","href":"https:\/\/api.w.org\/{rel}","templated":true}]}}