{"id":1068,"date":"2020-11-21T18:27:06","date_gmt":"2020-11-21T18:27:06","guid":{"rendered":"https:\/\/dev.ecodeco-design.com\/\/?post_type=product&#038;p=1068"},"modified":"2022-08-26T16:12:22","modified_gmt":"2022-08-26T16:12:22","slug":"soap-dish-natural-stone","status":"publish","type":"product","link":"https:\/\/ecodeco-design.com\/no\/product\/soap-dish-natural-stone\/","title":{"rendered":"Elvestein s\u00e5pesk\u00e5l"},"content":{"rendered":"<p><strong>Kode:<\/strong> KLM002<br \/>\n<strong>Beskrivelse:<\/strong><br \/>\nS\u00e5pesk\u00e5l laget av gr\u00e5aktig elvestein. Med tre hull. Nesten svart farge inni. Alle s\u00e5pesk\u00e5ler er forskjellige fra hverandre b\u00e5de i st\u00f8rrelse og struktur &#8211; avhengig av formen p\u00e5 steinen. Bruk kun rengj\u00f8ringsmidler beregnet p\u00e5 naturstein.<br \/>\n<strong>M\u00e5l:<\/strong><br \/>\nCa. 16 (L) x 10 (B) x 3 (H) cm<\/p>","protected":false},"excerpt":{"rendered":"<p>Kode: KLM002 Beskrivelse: S\u00e5pesk\u00e5l laget av gr\u00e5aktig elvestein. Med tre hull. Nesten svart farge inni. Alle s\u00e5pesk\u00e5ler er forskjellige fra hverandre b\u00e5de i st\u00f8rrelse og struktur &#8211; avhengig av formen p\u00e5 steinen. Bruk kun rengj\u00f8ringsmidler beregnet p\u00e5 naturstein. M\u00e5l: Ca. 16 (L) x 10 (B) x 3 (H) cm<\/p>\n","protected":false},"featured_media":1866,"template":"","meta":{"om_disable_all_campaigns":false,"_monsterinsights_skip_tracking":false,"_monsterinsights_sitenote_active":false,"_monsterinsights_sitenote_note":"","_monsterinsights_sitenote_category":0},"acf":[],"aioseo_notices":[],"_links":{"self":[{"href":"https:\/\/ecodeco-design.com\/no\/wp-json\/wp\/v2\/product\/1068"}],"collection":[{"href":"https:\/\/ecodeco-design.com\/no\/wp-json\/wp\/v2\/product"}],"about":[{"href":"https:\/\/ecodeco-design.com\/no\/wp-json\/wp\/v2\/types\/product"}],"wp:featuredmedia":[{"embeddable":true,"href":"https:\/\/ecodeco-design.com\/no\/wp-json\/wp\/v2\/media\/1866"}],"wp:attachment":[{"href":"https:\/\/ecodeco-design.com\/no\/wp-json\/wp\/v2\/media?parent=1068"}],"curies":[{"name":"wp","href":"https:\/\/api.w.org\/{rel}","templated":true}]}}