{"id":1065,"date":"2020-11-21T18:25:33","date_gmt":"2020-11-21T18:25:33","guid":{"rendered":"https:\/\/dev.ecodeco-design.com\/\/?post_type=product&#038;p=1065"},"modified":"2022-08-26T16:03:22","modified_gmt":"2022-08-26T16:03:22","slug":"soap-dish-dispenser-natural-stone","status":"publish","type":"product","link":"https:\/\/ecodeco-design.com\/no\/product\/soap-dish-dispenser-natural-stone\/","title":{"rendered":"Elvestein s\u00e5pedispenser"},"content":{"rendered":"<p><strong>Kode:<\/strong> STW004<br \/>\n<strong>Beskrivelse:<\/strong><br \/>\nS\u00e5pedispenser laget av gr\u00e5aktig naturlig elvestein. Alle s\u00e5pedispensere er forskjellige fra hverandre avhengig av formen p\u00e5 steinen.<br \/>\n<strong>M\u00e5l:<\/strong><br \/>\nCa. 12 (L) x 10 (B) x 18 (H) cm<\/p>","protected":false},"excerpt":{"rendered":"<p>Kode: STW004 Beskrivelse: S\u00e5pedispenser laget av gr\u00e5aktig naturlig elvestein. Alle s\u00e5pedispensere er forskjellige fra hverandre avhengig av formen p\u00e5 steinen. M\u00e5l: Ca. 12 (L) x 10 (B) x 18 (H) cm<\/p>\n","protected":false},"featured_media":1817,"template":"","meta":{"om_disable_all_campaigns":false,"_monsterinsights_skip_tracking":false,"_monsterinsights_sitenote_active":false,"_monsterinsights_sitenote_note":"","_monsterinsights_sitenote_category":0},"acf":[],"aioseo_notices":[],"_links":{"self":[{"href":"https:\/\/ecodeco-design.com\/no\/wp-json\/wp\/v2\/product\/1065"}],"collection":[{"href":"https:\/\/ecodeco-design.com\/no\/wp-json\/wp\/v2\/product"}],"about":[{"href":"https:\/\/ecodeco-design.com\/no\/wp-json\/wp\/v2\/types\/product"}],"wp:featuredmedia":[{"embeddable":true,"href":"https:\/\/ecodeco-design.com\/no\/wp-json\/wp\/v2\/media\/1817"}],"wp:attachment":[{"href":"https:\/\/ecodeco-design.com\/no\/wp-json\/wp\/v2\/media?parent=1065"}],"curies":[{"name":"wp","href":"https:\/\/api.w.org\/{rel}","templated":true}]}}