{"id":1056,"date":"2020-11-21T18:18:42","date_gmt":"2020-11-21T18:18:42","guid":{"rendered":"https:\/\/dev.ecodeco-design.com\/\/?post_type=product&#038;p=1056"},"modified":"2022-08-26T16:28:06","modified_gmt":"2022-08-26T16:28:06","slug":"natural-stone-vase","status":"publish","type":"product","link":"https:\/\/ecodeco-design.com\/no\/product\/natural-stone-vase\/","title":{"rendered":"Elvestein vase"},"content":{"rendered":"<p><strong>Kode:<\/strong> STW001<br \/>\n<strong>Beskrivelse:<\/strong><br \/>\nVase laget av gr\u00e5aktig naturlig elvestein. Alle vaser er forskjellige fra hverandre avhengig av formen p\u00e5 steinen.<br \/>\n<strong>M\u00e5l: <\/strong><br \/>\nCa. 20 (dia) x 15 (H) cm <\/p>","protected":false},"excerpt":{"rendered":"<p>Kode: STW001 Beskrivelse: Vase laget av gr\u00e5aktig naturlig elvestein. Alle vaser er forskjellige fra hverandre avhengig av formen p\u00e5 steinen. M\u00e5l: Ca. 20 (dia) x 15 (H) cm<\/p>\n","protected":false},"featured_media":1058,"template":"","meta":{"om_disable_all_campaigns":false,"_monsterinsights_skip_tracking":false,"_monsterinsights_sitenote_active":false,"_monsterinsights_sitenote_note":"","_monsterinsights_sitenote_category":0},"acf":[],"aioseo_notices":[],"_links":{"self":[{"href":"https:\/\/ecodeco-design.com\/no\/wp-json\/wp\/v2\/product\/1056"}],"collection":[{"href":"https:\/\/ecodeco-design.com\/no\/wp-json\/wp\/v2\/product"}],"about":[{"href":"https:\/\/ecodeco-design.com\/no\/wp-json\/wp\/v2\/types\/product"}],"wp:featuredmedia":[{"embeddable":true,"href":"https:\/\/ecodeco-design.com\/no\/wp-json\/wp\/v2\/media\/1058"}],"wp:attachment":[{"href":"https:\/\/ecodeco-design.com\/no\/wp-json\/wp\/v2\/media?parent=1056"}],"curies":[{"name":"wp","href":"https:\/\/api.w.org\/{rel}","templated":true}]}}