{"id":1046,"date":"2020-11-21T14:40:32","date_gmt":"2020-11-21T14:40:32","guid":{"rendered":"https:\/\/dev.ecodeco-design.com\/\/?post_type=product&#038;p=1046"},"modified":"2025-03-04T10:11:25","modified_gmt":"2025-03-04T10:11:25","slug":"marble-mortar-cream-with-carved-rings","status":"publish","type":"product","link":"https:\/\/ecodeco-design.com\/no\/product\/marble-mortar-cream-with-carved-rings\/","title":{"rendered":"Marmor morter med rund kant"},"content":{"rendered":"<p><strong>Kode:<\/strong> MRB016C ; MRB016G<br \/>\n<strong>Beskrivelse:<\/strong><br \/>\nElegant kjegleformet morter avrundet kant og utsk\u00e5rede ringer. F\u00e5s i gr\u00e5 eller krem farge. Alle marmor produkter er unike i farge og m\u00f8nster. Benytt kun rengj\u00f8ringsmidler beregnet for marmor.<br \/>\n<strong>Measurement: <\/strong><\/p>\n<li>MRB016C &#8211; Cream<\/li>\n<li>MRB016G &#8211; Grey<\/li>\n<p>Morter &#8211; 11 (dia) x 11 (H) cm ;<br \/>\nSt\u00f8ter &#8211; 13 (L) cm<\/p>","protected":false},"excerpt":{"rendered":"<p>Kode: MRB016C ; MRB016G Beskrivelse: Elegant kjegleformet morter avrundet kant og utsk\u00e5rede ringer. F\u00e5s i gr\u00e5 eller krem farge. Alle marmor produkter er unike i farge og m\u00f8nster. Benytt kun rengj\u00f8ringsmidler beregnet for marmor. Measurement: MRB016C &#8211; Cream MRB016G &#8211; Grey Morter &#8211; 11 (dia) x 11 (H) cm ; St\u00f8ter &#8211; 13 (L) cm<\/p>\n","protected":false},"featured_media":1823,"template":"","meta":{"om_disable_all_campaigns":false,"_monsterinsights_skip_tracking":false,"_monsterinsights_sitenote_active":false,"_monsterinsights_sitenote_note":"","_monsterinsights_sitenote_category":0},"acf":[],"aioseo_notices":[],"_links":{"self":[{"href":"https:\/\/ecodeco-design.com\/no\/wp-json\/wp\/v2\/product\/1046"}],"collection":[{"href":"https:\/\/ecodeco-design.com\/no\/wp-json\/wp\/v2\/product"}],"about":[{"href":"https:\/\/ecodeco-design.com\/no\/wp-json\/wp\/v2\/types\/product"}],"wp:featuredmedia":[{"embeddable":true,"href":"https:\/\/ecodeco-design.com\/no\/wp-json\/wp\/v2\/media\/1823"}],"wp:attachment":[{"href":"https:\/\/ecodeco-design.com\/no\/wp-json\/wp\/v2\/media?parent=1046"}],"curies":[{"name":"wp","href":"https:\/\/api.w.org\/{rel}","templated":true}]}}