{"id":1037,"date":"2020-11-21T12:55:38","date_gmt":"2020-11-21T12:55:38","guid":{"rendered":"https:\/\/dev.ecodeco-design.com\/\/?post_type=product&#038;p=1037"},"modified":"2022-08-26T13:06:07","modified_gmt":"2022-08-26T13:06:07","slug":"cylinder-holder-cream","status":"publish","type":"product","link":"https:\/\/ecodeco-design.com\/no\/product\/cylinder-holder-cream\/","title":{"rendered":"Marmor sylinderholder"},"content":{"rendered":"<p><strong>kode:<\/strong> MRB009C ; MRB009G<br \/>\n<strong>Beskrivelse:<\/strong><br \/>\nMarmor sylinderholder &#8211; som tannglass, for bestikk eller som penneholder. F\u00e5s i gr\u00e5 eller krem farge. Alle marmor produkter er unike i farge og m\u00f8nster. Benytt kun rengj\u00f8ringsmidler beregnet for marmor.<br \/>\n<strong>M\u00e5l: <\/strong><br \/>\n8 (dia) x 11 (H) cm<\/p>","protected":false},"excerpt":{"rendered":"<p>kode: MRB009C ; MRB009G Beskrivelse: Marmor sylinderholder &#8211; som tannglass, for bestikk eller som penneholder. F\u00e5s i gr\u00e5 eller krem farge. Alle marmor produkter er unike i farge og m\u00f8nster. Benytt kun rengj\u00f8ringsmidler beregnet for marmor. M\u00e5l: 8 (dia) x 11 (H) cm<\/p>\n","protected":false},"featured_media":1867,"template":"","meta":{"om_disable_all_campaigns":false,"_monsterinsights_skip_tracking":false,"_monsterinsights_sitenote_active":false,"_monsterinsights_sitenote_note":"","_monsterinsights_sitenote_category":0},"acf":[],"aioseo_notices":[],"_links":{"self":[{"href":"https:\/\/ecodeco-design.com\/no\/wp-json\/wp\/v2\/product\/1037"}],"collection":[{"href":"https:\/\/ecodeco-design.com\/no\/wp-json\/wp\/v2\/product"}],"about":[{"href":"https:\/\/ecodeco-design.com\/no\/wp-json\/wp\/v2\/types\/product"}],"wp:featuredmedia":[{"embeddable":true,"href":"https:\/\/ecodeco-design.com\/no\/wp-json\/wp\/v2\/media\/1867"}],"wp:attachment":[{"href":"https:\/\/ecodeco-design.com\/no\/wp-json\/wp\/v2\/media?parent=1037"}],"curies":[{"name":"wp","href":"https:\/\/api.w.org\/{rel}","templated":true}]}}