{"id":1033,"date":"2020-11-21T12:53:13","date_gmt":"2020-11-21T12:53:13","guid":{"rendered":"https:\/\/dev.ecodeco-design.com\/\/?post_type=product&#038;p=1033"},"modified":"2022-08-26T12:06:12","modified_gmt":"2022-08-26T12:06:12","slug":"cotton-bud-box-cream","status":"publish","type":"product","link":"https:\/\/ecodeco-design.com\/no\/product\/cotton-bud-box-cream\/","title":{"rendered":"Marmor boks"},"content":{"rendered":"<p><strong>Kode:<\/strong> MRB012C ; MRB012G<br \/>\n<strong>Beskrivelse:<\/strong><br \/>\nMarmor boks for bomullspads og annen oppbevaring. Halvkuleformet lokk. F\u00e5s i gr\u00e5 eller krem farge. Alle marmor produkter er unike i farge og m\u00f8nster. Benytt kun rengj\u00f8ringsmidler beregnet for marmor.<br \/>\n<strong>M\u00e5l:<\/strong><br \/>\n9 (dia) x 12 (H) cm<\/p>","protected":false},"excerpt":{"rendered":"<p>Kode: MRB012C ; MRB012G Beskrivelse: Marmor boks for bomullspads og annen oppbevaring. Halvkuleformet lokk. F\u00e5s i gr\u00e5 eller krem farge. Alle marmor produkter er unike i farge og m\u00f8nster. Benytt kun rengj\u00f8ringsmidler beregnet for marmor. M\u00e5l: 9 (dia) x 12 (H) cm<\/p>\n","protected":false},"featured_media":1839,"template":"","meta":{"om_disable_all_campaigns":false,"_monsterinsights_skip_tracking":false,"_monsterinsights_sitenote_active":false,"_monsterinsights_sitenote_note":"","_monsterinsights_sitenote_category":0},"acf":[],"aioseo_notices":[],"_links":{"self":[{"href":"https:\/\/ecodeco-design.com\/no\/wp-json\/wp\/v2\/product\/1033"}],"collection":[{"href":"https:\/\/ecodeco-design.com\/no\/wp-json\/wp\/v2\/product"}],"about":[{"href":"https:\/\/ecodeco-design.com\/no\/wp-json\/wp\/v2\/types\/product"}],"wp:featuredmedia":[{"embeddable":true,"href":"https:\/\/ecodeco-design.com\/no\/wp-json\/wp\/v2\/media\/1839"}],"wp:attachment":[{"href":"https:\/\/ecodeco-design.com\/no\/wp-json\/wp\/v2\/media?parent=1033"}],"curies":[{"name":"wp","href":"https:\/\/api.w.org\/{rel}","templated":true}]}}