{"id":1031,"date":"2020-11-21T12:51:08","date_gmt":"2020-11-21T12:51:08","guid":{"rendered":"https:\/\/dev.ecodeco-design.com\/\/?post_type=product&#038;p=1031"},"modified":"2022-08-26T15:20:30","modified_gmt":"2022-08-26T15:20:30","slug":"candle-holder-natural-stone","status":"publish","type":"product","link":"https:\/\/ecodeco-design.com\/no\/product\/candle-holder-natural-stone\/","title":{"rendered":"Elvestein lysholder"},"content":{"rendered":"<p><strong>Kode:<\/strong> MRB011<br \/>\n<strong>Beskrivelse:<\/strong><br \/>\nLysholder for telys laget av gr\u00e5aktig elvestein. Alle lysholderne er forskjellige fra hverandre avhengig av formen p\u00e5 rullesteinen.<br \/>\n<strong>M\u00e5l: <\/strong><br \/>\nCa. 15 (dia) x 9 (H) cm<\/p>","protected":false},"excerpt":{"rendered":"<p>Kode: MRB011 Beskrivelse: Lysholder for telys laget av gr\u00e5aktig elvestein. Alle lysholderne er forskjellige fra hverandre avhengig av formen p\u00e5 rullesteinen. M\u00e5l: Ca. 15 (dia) x 9 (H) cm<\/p>\n","protected":false},"featured_media":1815,"template":"","meta":{"om_disable_all_campaigns":false,"_monsterinsights_skip_tracking":false,"_monsterinsights_sitenote_active":false,"_monsterinsights_sitenote_note":"","_monsterinsights_sitenote_category":0},"acf":[],"aioseo_notices":[],"_links":{"self":[{"href":"https:\/\/ecodeco-design.com\/no\/wp-json\/wp\/v2\/product\/1031"}],"collection":[{"href":"https:\/\/ecodeco-design.com\/no\/wp-json\/wp\/v2\/product"}],"about":[{"href":"https:\/\/ecodeco-design.com\/no\/wp-json\/wp\/v2\/types\/product"}],"wp:featuredmedia":[{"embeddable":true,"href":"https:\/\/ecodeco-design.com\/no\/wp-json\/wp\/v2\/media\/1815"}],"wp:attachment":[{"href":"https:\/\/ecodeco-design.com\/no\/wp-json\/wp\/v2\/media?parent=1031"}],"curies":[{"name":"wp","href":"https:\/\/api.w.org\/{rel}","templated":true}]}}