{"id":1019,"date":"2020-11-21T12:37:14","date_gmt":"2020-11-21T12:37:14","guid":{"rendered":"https:\/\/dev.ecodeco-design.com\/\/?post_type=product&#038;p=1019"},"modified":"2022-08-26T14:41:34","modified_gmt":"2022-08-26T14:41:34","slug":"big-plate-natural-stone","status":"publish","type":"product","link":"https:\/\/ecodeco-design.com\/no\/product\/big-plate-natural-stone\/","title":{"rendered":"Elvestein fat"},"content":{"rendered":"<p><strong>Kode:<\/strong> KLM001<br \/>\n<strong>Beskrivelse:<\/strong><br \/>\nFat uthugget av gr\u00e5aktig elvestein. Nesten svart farge inni. Alle fat er forskjellige fra hverandre b\u00e5de i st\u00f8rrelse og struktur \u2013 avhengig av formen p\u00e5 steinen. Bruk egnet rengj\u00f8ringsmiddel for naturstein.<br \/>\n<strong>M\u00e5l: <\/strong><br \/>\nCa. 32 (L) x 26 (B) x 4 (H) cm<\/p>","protected":false},"excerpt":{"rendered":"<p>Kode: KLM001 Beskrivelse: Fat uthugget av gr\u00e5aktig elvestein. Nesten svart farge inni. Alle fat er forskjellige fra hverandre b\u00e5de i st\u00f8rrelse og struktur \u2013 avhengig av formen p\u00e5 steinen. Bruk egnet rengj\u00f8ringsmiddel for naturstein. M\u00e5l: Ca. 32 (L) x 26 (B) x 4 (H) cm<\/p>\n","protected":false},"featured_media":1864,"template":"","meta":{"om_disable_all_campaigns":false,"_monsterinsights_skip_tracking":false,"_monsterinsights_sitenote_active":false,"_monsterinsights_sitenote_note":"","_monsterinsights_sitenote_category":0},"acf":[],"aioseo_notices":[],"_links":{"self":[{"href":"https:\/\/ecodeco-design.com\/no\/wp-json\/wp\/v2\/product\/1019"}],"collection":[{"href":"https:\/\/ecodeco-design.com\/no\/wp-json\/wp\/v2\/product"}],"about":[{"href":"https:\/\/ecodeco-design.com\/no\/wp-json\/wp\/v2\/types\/product"}],"wp:featuredmedia":[{"embeddable":true,"href":"https:\/\/ecodeco-design.com\/no\/wp-json\/wp\/v2\/media\/1864"}],"wp:attachment":[{"href":"https:\/\/ecodeco-design.com\/no\/wp-json\/wp\/v2\/media?parent=1019"}],"curies":[{"name":"wp","href":"https:\/\/api.w.org\/{rel}","templated":true}]}}