{"id":296,"date":"2020-10-02T03:58:43","date_gmt":"2020-10-02T03:58:43","guid":{"rendered":"https:\/\/dev.ecodeco-design.com\/\/?page_id=296"},"modified":"2024-03-05T04:36:31","modified_gmt":"2024-03-05T04:36:31","slug":"about-us","status":"publish","type":"page","link":"https:\/\/ecodeco-design.com\/no\/about-us\/","title":{"rendered":"Om Eco Deco Design"},"content":{"rendered":"<p><b>Asiatisk kunsth\u00e5ndverk med en skandinavisk touch<\/b><\/p>\n<p><em>Eco Deco Design konseptet ble etablert i \u00e5r 2000 og er stadig under utvikling. De fleste av produktene har en indonesisk opprinnelse og hovedmarkedet har v\u00e6rt \u00e5 finne i Norge. Vi kj\u00f8per direkte fra sm\u00e5 lokale leverand\u00f8rer basert p\u00e5 fair trade-tenkning. Produktene selges gjennom ledende interi\u00f8rbutikker.<\/p>\n<p>Uts\u00f8kt interi\u00f8rdesign er utviklet med naturens egne materialer og gammelt h\u00e5ndverk som utgangspunkt, men der f\u00e5r en moderne form. Opprinnelsen til v\u00e5re high-end interi\u00f8rprodukter er tropisk, formene er funksjonelle og tilpasset et skandinavisk marked. <\/p>\n<p>Tett flettede kurvprodukter og produkter i naturstein er Eco Deco Designs basissortiment. Vi har utviklet fire popul\u00e6re produktlinjer: Bali kurv, Lombok kurv, Stone Art og Asian Dining. Dette er produkter som tilpasses enkelt b\u00e5de til et moderne og et klassisk interi\u00f8r, men de danner ogs\u00e5 sin egen tidl\u00f8se stil. <\/p>\n<p>Gjennom mange \u00e5r har Eco Deco Design opparbeidet en lokalkunnskap som sikrer stabil kvalitet og mulighet til \u00e5 utvikle produkter for v\u00e5re profesjonelle kunder. <\/em><\/p>\n<p><div id=\"jig1\" class=\"justified-image-grid jig-c70894826383f6c7d2b2e6002a94469d jig-preset-c2\"><div class=\"jig-clearfix\"><\/div><noscript id=\"jig1-html\" class=\"justified-image-grid-html\" data-lazy-src=\"skiplazyload\" data-src=\"skipunveillazyload\"><ul><li><a href=\"https:\/\/ecodeco-design.com\/wp-content\/uploads\/2020\/11\/IMG_0502.jpg\" title=\"IMG_0502\"><img src=\"https:\/\/ecodeco-design.com\/wp-content\/plugins\/justified-image-grid\/timthumb.php?src=https%3A%2F%2Fecodeco-design.com%2Fwp-content%2Fuploads%2F2020%2F11%2FIMG_0502.jpg&amp;h=230&amp;q=90&amp;f=.jpg\" alt=\"Beautiful hand blown glass vases made from recycled champagne bottles.\" width=\"330\" height=\"230\" \/><\/a><p class=\"jig-HTMLdescription\">Beautiful hand blown glass vases made from recycled champagne bottles.<br\/>IMG_0502<\/p><\/li><li><a href=\"https:\/\/ecodeco-design.com\/wp-content\/uploads\/2020\/11\/tenun.jpg\" title=\"tenun\"><img src=\"https:\/\/ecodeco-design.com\/wp-content\/plugins\/justified-image-grid\/timthumb.php?src=https%3A%2F%2Fecodeco-design.com%2Fwp-content%2Fuploads%2F2020%2F11%2Ftenun.jpg&amp;h=230&amp;q=90&amp;f=.jpg\" alt=\"Traditions are kept alive\" width=\"310\" height=\"230\" \/><\/a><p class=\"jig-HTMLdescription\">Traditions are kept alive<br\/>tenun<\/p><\/li><li><a href=\"https:\/\/ecodeco-design.com\/wp-content\/uploads\/2020\/11\/IMG_0616.jpg\" title=\"IMG_0616\"><img src=\"https:\/\/ecodeco-design.com\/wp-content\/plugins\/justified-image-grid\/timthumb.php?src=https%3A%2F%2Fecodeco-design.com%2Fwp-content%2Fuploads%2F2020%2F11%2FIMG_0616.jpg&amp;h=230&amp;q=90&amp;f=.jpg\" alt=\"Hand made to the smallest detail.\" width=\"330\" height=\"230\" \/><\/a><p class=\"jig-HTMLdescription\">Hand made to the smallest detail.<br\/>IMG_0616<\/p><\/li><li><a href=\"https:\/\/ecodeco-design.com\/wp-content\/uploads\/2020\/11\/IMG_10931.jpg\" title=\"IMG_10931\"><img src=\"https:\/\/ecodeco-design.com\/wp-content\/plugins\/justified-image-grid\/timthumb.php?src=https%3A%2F%2Fecodeco-design.com%2Fwp-content%2Fuploads%2F2020%2F11%2FIMG_10931.jpg&amp;h=230&amp;q=90&amp;f=.jpg\" alt=\"An old rice mortar is the base for a unique glass table.\" width=\"330\" height=\"230\" \/><\/a><p class=\"jig-HTMLdescription\">An old rice mortar is the base for a unique glass table.<br\/>IMG_10931<\/p><\/li><li><a href=\"https:\/\/ecodeco-design.com\/wp-content\/uploads\/2020\/11\/IMG_0598-Copy2.jpg\"><img src=\"https:\/\/ecodeco-design.com\/wp-content\/plugins\/justified-image-grid\/timthumb.php?src=https%3A%2F%2Fecodeco-design.com%2Fwp-content%2Fuploads%2F2020%2F11%2FIMG_0598-Copy2.jpg&amp;h=230&amp;q=90&amp;f=.jpg\" alt=\"Bali aga bowls are made of the local straw ata.\" width=\"172\" height=\"230\" \/><\/a><p class=\"jig-HTMLdescription\">Bali aga bowls are made of the local straw ata.<br\/><\/p><\/li><li><a href=\"https:\/\/ecodeco-design.com\/wp-content\/uploads\/2020\/11\/Madura-relieff-4-6951.jpg\"><img src=\"https:\/\/ecodeco-design.com\/wp-content\/plugins\/justified-image-grid\/timthumb.php?src=https%3A%2F%2Fecodeco-design.com%2Fwp-content%2Fuploads%2F2020%2F11%2FMadura-relieff-4-6951.jpg&amp;h=230&amp;q=90&amp;f=.jpg\" alt=\"Legs of an old Madura day bed becomes beautiful sculptures.\" width=\"172\" height=\"230\" \/><\/a><p class=\"jig-HTMLdescription\">Legs of an old Madura day bed becomes beautiful sculptures.<br\/><\/p><\/li><li><a href=\"https:\/\/ecodeco-design.com\/wp-content\/uploads\/2020\/11\/IMG_8400.jpg\" title=\"IMG_8400\"><img src=\"https:\/\/ecodeco-design.com\/wp-content\/plugins\/justified-image-grid\/timthumb.php?src=https%3A%2F%2Fecodeco-design.com%2Fwp-content%2Fuploads%2F2020%2F11%2FIMG_8400.jpg&amp;h=230&amp;q=90&amp;f=.jpg\" alt=\"A Bali Aga cloth hamper and a recycled teak wood mirror fits into a modern environment\" width=\"172\" height=\"230\" \/><\/a><p class=\"jig-HTMLdescription\">A Bali Aga cloth hamper and a recycled teak wood mirror fits into a modern environment<br\/>IMG_8400<\/p><\/li><\/ul><\/noscript><\/div><\/p>","protected":false},"excerpt":{"rendered":"<p>Asiatisk kunsth\u00e5ndverk med en skandinavisk touch Eco Deco Design konseptet ble etablert i \u00e5r 2000 og er stadig under utvikling. De fleste av produktene har en indonesisk opprinnelse og hovedmarkedet har v\u00e6rt \u00e5 finne i Norge. Vi kj\u00f8per direkte fra sm\u00e5 lokale leverand\u00f8rer basert p\u00e5 fair trade-tenkning. Produktene selges gjennom ledende interi\u00f8rbutikker. Uts\u00f8kt interi\u00f8rdesign er [&hellip;]<\/p>\n","protected":false},"author":1,"featured_media":0,"parent":0,"menu_order":0,"comment_status":"closed","ping_status":"closed","template":"","meta":{"om_disable_all_campaigns":false,"_monsterinsights_skip_tracking":false,"_monsterinsights_sitenote_active":false,"_monsterinsights_sitenote_note":"","_monsterinsights_sitenote_category":0},"acf":[],"aioseo_notices":[],"_links":{"self":[{"href":"https:\/\/ecodeco-design.com\/no\/wp-json\/wp\/v2\/pages\/296"}],"collection":[{"href":"https:\/\/ecodeco-design.com\/no\/wp-json\/wp\/v2\/pages"}],"about":[{"href":"https:\/\/ecodeco-design.com\/no\/wp-json\/wp\/v2\/types\/page"}],"author":[{"embeddable":true,"href":"https:\/\/ecodeco-design.com\/no\/wp-json\/wp\/v2\/users\/1"}],"replies":[{"embeddable":true,"href":"https:\/\/ecodeco-design.com\/no\/wp-json\/wp\/v2\/comments?post=296"}],"version-history":[{"count":22,"href":"https:\/\/ecodeco-design.com\/no\/wp-json\/wp\/v2\/pages\/296\/revisions"}],"predecessor-version":[{"id":2207,"href":"https:\/\/ecodeco-design.com\/no\/wp-json\/wp\/v2\/pages\/296\/revisions\/2207"}],"wp:attachment":[{"href":"https:\/\/ecodeco-design.com\/no\/wp-json\/wp\/v2\/media?parent=296"}],"curies":[{"name":"wp","href":"https:\/\/api.w.org\/{rel}","templated":true}]}}