{"id":292,"date":"2020-10-02T03:55:07","date_gmt":"2020-10-02T03:55:07","guid":{"rendered":"https:\/\/dev.ecodeco-design.com\/\/?page_id=292"},"modified":"2022-10-20T02:13:59","modified_gmt":"2022-10-20T02:13:59","slug":"decoration-ideas","status":"publish","type":"page","link":"https:\/\/ecodeco-design.com\/no\/decoration-ideas\/","title":{"rendered":"Inspirasjon"},"content":{"rendered":"<p><\/p>\n<h3><strong>Kos deg med \u00e5 bruke Bali kurv, Lombok kurv, Stone Art og Asian Dining i innredningen!<\/strong><\/h3>\n<p><em>\u00d8nsker du \u00e5 skape et unikt milj\u00f8 ved \u00e5 bruke produkter som kombinerer personlighet og funksjon, b\u00f8r du vurdere Eco Deco Design! Naturlige materialer og tradisjonsrikt h\u00e5ndarbeid gj\u00f8r at ikke ett produkt er helt likt et annet. Dette er produkter med asiatisk opprinnelse, men med design tilpasset et skandinavisk interi\u00f8r. Eco Deco Design produktene er laget for \u00e5 vare lenge \u2013 med en kvalitet du bare vil bli mer og mer glad i etter som tiden g\u00e5r.<\/em><\/p>\n<p><em>Her er noen eksempler p\u00e5 bruk av Eco Deco Design produkter! I spisestuen, p\u00e5 badet, p\u00e5 kj\u00f8kkenet og i hjemmet ellers.<\/em><\/p>\n<h3><strong>Inspirerende borddekking med Bali kurv natur!<\/strong><\/h3>\n<div class=\"gdc_row\"><div class=\"gdc_column gdc_chalf\"><div class=\"gdc_inner\"><br \/>\n<img loading=\"lazy\" src=\"https:\/\/ecodeco-design.com\/wp-content\/uploads\/2022\/09\/BAnatur-275x300.jpg\" alt=\"\" width=\"275\" height=\"300\" class=\"alignnone size-medium wp-image-2052\" srcset=\"https:\/\/ecodeco-design.com\/wp-content\/uploads\/2022\/09\/BAnatur-275x300.jpg 275w, https:\/\/ecodeco-design.com\/wp-content\/uploads\/2022\/09\/BAnatur-937x1024.jpg 937w, https:\/\/ecodeco-design.com\/wp-content\/uploads\/2022\/09\/BAnatur-768x839.jpg 768w, https:\/\/ecodeco-design.com\/wp-content\/uploads\/2022\/09\/BAnatur-1406x1536.jpg 1406w, https:\/\/ecodeco-design.com\/wp-content\/uploads\/2022\/09\/BAnatur-600x656.jpg 600w, https:\/\/ecodeco-design.com\/wp-content\/uploads\/2022\/09\/BAnatur.jpg 1512w\" sizes=\"(max-width: 275px) 100vw, 275px\" \/><br \/>\n<\/div><\/div><div class=\"gdc_column gdc_chalf\"><div class=\"gdc_inner\"><\/p>\n<ol>\n<li><strong>BA013<\/strong> Bali kurv natur bordbrikke rektangul\u00e6r  ; <strong>BA174<\/strong> Bali kurv natur kurv triangel med flat bunn<\/li>\n<li><strong>BA051<\/strong> Bali kurv natur serviettring rund<\/li>\n<li><strong>BA188<\/strong> Bali kurv natur oppbevaringsboks med innfelt h\u00e5ndtak liten <\/li>\n<li><strong>BA094<\/strong> Bali kurv natur serviettholder<\/li>\n<\/ol>\n<p><\/div><\/div><\/div>\n<p>&nbsp;<\/p>\n<hr \/>\n<h3><strong>Elegant festbord med Bali kurv sort!<\/strong><\/h3>\n<div class=\"gdc_row\"><div class=\"gdc_column gdc_chalf\"><div class=\"gdc_inner\"><br \/>\n<img loading=\"lazy\" src=\"https:\/\/ecodeco-design.com\/wp-content\/uploads\/2022\/10\/BBblackkkjpg-190x300.jpg\" alt=\"\" width=\"190\" height=\"300\" class=\"alignnone size-medium wp-image-2076\" srcset=\"https:\/\/ecodeco-design.com\/wp-content\/uploads\/2022\/10\/BBblackkkjpg-190x300.jpg 190w, https:\/\/ecodeco-design.com\/wp-content\/uploads\/2022\/10\/BBblackkkjpg-647x1024.jpg 647w, https:\/\/ecodeco-design.com\/wp-content\/uploads\/2022\/10\/BBblackkkjpg-768x1215.jpg 768w, https:\/\/ecodeco-design.com\/wp-content\/uploads\/2022\/10\/BBblackkkjpg-971x1536.jpg 971w, https:\/\/ecodeco-design.com\/wp-content\/uploads\/2022\/10\/BBblackkkjpg-1295x2048.jpg 1295w, https:\/\/ecodeco-design.com\/wp-content\/uploads\/2022\/10\/BBblackkkjpg-600x949.jpg 600w, https:\/\/ecodeco-design.com\/wp-content\/uploads\/2022\/10\/BBblackkkjpg.jpg 1512w\" sizes=\"(max-width: 190px) 100vw, 190px\" \/><br \/>\n<\/div><\/div><div class=\"gdc_column gdc_chalf\"><div class=\"gdc_inner\"><\/p>\n<ol>\n<li><strong>BB013<\/strong> Bali kurv sort bordbrikke rektangul\u00e6r<\/li>\n<li><strong>BB111<\/strong> Bali kurv sort oppbevaringsboks display<\/li>\n<li><strong>BB012<\/strong> Bali kurv sort bolle basic medium<\/li>\n<li><strong>BB144<\/strong> Bali kurv sort bolle Japan liten<\/li>\n<\/ol>\n<p><\/div><\/div><\/div>\n<p>&nbsp;<\/p>\n<hr \/>\n<h3><strong>Skap atmosf\u00e6re p\u00e5 bad og kj\u00f8kken med Lombok kurv!<\/strong><\/h3>\n<div class=\"gdc_row\"><div class=\"gdc_column gdc_chalf\"><div class=\"gdc_inner\"><br \/>\n<img loading=\"lazy\" src=\"https:\/\/ecodeco-design.com\/wp-content\/uploads\/2022\/10\/01sss-229x300.jpg\" alt=\"\" width=\"229\" height=\"300\" class=\"alignnone size-medium wp-image-2085\" srcset=\"https:\/\/ecodeco-design.com\/wp-content\/uploads\/2022\/10\/01sss-229x300.jpg 229w, https:\/\/ecodeco-design.com\/wp-content\/uploads\/2022\/10\/01sss-782x1024.jpg 782w, https:\/\/ecodeco-design.com\/wp-content\/uploads\/2022\/10\/01sss-768x1005.jpg 768w, https:\/\/ecodeco-design.com\/wp-content\/uploads\/2022\/10\/01sss-1173x1536.jpg 1173w, https:\/\/ecodeco-design.com\/wp-content\/uploads\/2022\/10\/01sss-600x786.jpg 600w, https:\/\/ecodeco-design.com\/wp-content\/uploads\/2022\/10\/01sss.jpg 1300w\" sizes=\"(max-width: 229px) 100vw, 229px\" \/><br \/>\n<\/div><\/div><div class=\"gdc_column gdc_chalf\"><div class=\"gdc_inner\"><\/p>\n<ol>\n<li><strong>LOM062<\/strong> Lombok kurv black wash kleenex boks rektangul\u00e6r; LOM078 Lombok kurv black wash sylinderholder liten<\/li>\n<li><strong>LOM045<\/strong> Lombok kurv white wash brett med innfelt h\u00e5ndtak stor<\/li>\n<li><strong>LOM040<\/strong> Lombok kurv white wash brett med innfelt h\u00e5ndtak liten; <strong>LOM028<\/strong> Lombok kurv white wash sylinderholder medium<\/li>\n<li><strong>LOM035<\/strong> Lombok kurv grey wash oppbevaringsboks liten; <strong>LOM043 <\/strong>Lombok kurv grey wash brett med innfelt h\u00e5ndtak medium; <strong>LOM034 <\/strong>Lombok kurv grey wash sylinderholder medium <\/li>\n<li><strong>LOM074 <\/strong>Lombok kurv black wash papirkurv sylinder med lokk; <strong>LOM026<\/strong> Lombok kurv grey wash papirkurv sylinder med lokk; <strong>LOM025<\/strong> Lombok kurv white wash papirkurv sylinder med lokk <\/li>\n<\/ol>\n<p><\/div><\/div><\/div>\n<p>&nbsp;<\/p>\n<hr \/>\n<h3><strong>Stort utvalg i bordbrikker fra Eco Deco Design. Dette er bare noen f\u00e5 eksempler! <\/strong><\/h3>\n<div class=\"gdc_row\"><div class=\"gdc_column gdc_chalf\"><div class=\"gdc_inner\"><br \/>\n<img loading=\"lazy\" src=\"https:\/\/ecodeco-design.com\/wp-content\/uploads\/2022\/10\/Placematss-268x300.jpg\" alt=\"\" width=\"268\" height=\"300\" class=\"alignnone size-medium wp-image-2079\" srcset=\"https:\/\/ecodeco-design.com\/wp-content\/uploads\/2022\/10\/Placematss-268x300.jpg 268w, https:\/\/ecodeco-design.com\/wp-content\/uploads\/2022\/10\/Placematss-915x1024.jpg 915w, https:\/\/ecodeco-design.com\/wp-content\/uploads\/2022\/10\/Placematss-768x859.jpg 768w, https:\/\/ecodeco-design.com\/wp-content\/uploads\/2022\/10\/Placematss-1373x1536.jpg 1373w, https:\/\/ecodeco-design.com\/wp-content\/uploads\/2022\/10\/Placematss-600x671.jpg 600w, https:\/\/ecodeco-design.com\/wp-content\/uploads\/2022\/10\/Placematss.jpg 1467w\" sizes=\"(max-width: 268px) 100vw, 268px\" \/><br \/>\n<\/div><\/div><div class=\"gdc_column gdc_chalf\"><div class=\"gdc_inner\"><\/p>\n<ol>\n<li><strong>BB013<\/strong> Bali kurv sort bordbrikke rektangul\u00e6r<\/li>\n<li><strong>LOM050<\/strong> Lombok kurv white wash bordbrikke rektangul\u00e6r<\/li>\n<li><strong>BA114<\/strong> Bali kurv natur bordbrikke rektangul\u00e6r med avrundede hj\u00f8rner<\/li>\n<li><strong>LOM049<\/strong> Lombok kurv grey wash bordbrikke rektangul\u00e6r<\/li>\n<li><strong>BA002<\/strong> Bali kurv natur bordbrikke rund<\/li>\n<li><strong>BA013<\/strong> Bali kurv natur bordbrikke rektangul\u00e6r<\/li>\n<\/ol>\n<p><\/div><\/div><\/div>\n<p>&nbsp;<\/p>","protected":false},"excerpt":{"rendered":"<p>Kos deg med \u00e5 bruke Bali kurv, Lombok kurv, Stone Art og Asian Dining i innredningen! \u00d8nsker du \u00e5 skape et unikt milj\u00f8 ved \u00e5 bruke produkter som kombinerer personlighet og funksjon, b\u00f8r du vurdere Eco Deco Design! Naturlige materialer og tradisjonsrikt h\u00e5ndarbeid gj\u00f8r at ikke ett produkt er helt likt et annet. Dette er [&hellip;]<\/p>\n","protected":false},"author":1,"featured_media":0,"parent":0,"menu_order":0,"comment_status":"closed","ping_status":"closed","template":"","meta":{"om_disable_all_campaigns":false,"_monsterinsights_skip_tracking":false,"_monsterinsights_sitenote_active":false,"_monsterinsights_sitenote_note":"","_monsterinsights_sitenote_category":0},"acf":[],"aioseo_notices":[],"_links":{"self":[{"href":"https:\/\/ecodeco-design.com\/no\/wp-json\/wp\/v2\/pages\/292"}],"collection":[{"href":"https:\/\/ecodeco-design.com\/no\/wp-json\/wp\/v2\/pages"}],"about":[{"href":"https:\/\/ecodeco-design.com\/no\/wp-json\/wp\/v2\/types\/page"}],"author":[{"embeddable":true,"href":"https:\/\/ecodeco-design.com\/no\/wp-json\/wp\/v2\/users\/1"}],"replies":[{"embeddable":true,"href":"https:\/\/ecodeco-design.com\/no\/wp-json\/wp\/v2\/comments?post=292"}],"version-history":[{"count":81,"href":"https:\/\/ecodeco-design.com\/no\/wp-json\/wp\/v2\/pages\/292\/revisions"}],"predecessor-version":[{"id":2138,"href":"https:\/\/ecodeco-design.com\/no\/wp-json\/wp\/v2\/pages\/292\/revisions\/2138"}],"wp:attachment":[{"href":"https:\/\/ecodeco-design.com\/no\/wp-json\/wp\/v2\/media?parent=292"}],"curies":[{"name":"wp","href":"https:\/\/api.w.org\/{rel}","templated":true}]}}