{"id":2,"date":"2020-05-05T06:10:48","date_gmt":"2020-05-05T06:10:48","guid":{"rendered":"http:\/\/terserah.boc.im\/?page_id=2"},"modified":"2024-06-01T10:50:59","modified_gmt":"2024-06-01T10:50:59","slug":"ecodeco-design","status":"publish","type":"page","link":"https:\/\/ecodeco-design.com\/no\/","title":{"rendered":"Eco Deco Design"},"content":{"rendered":"<p><em>Eco Deco Design konseptet kombinerer uts\u00f8kt interi\u00f8rdesign med \u00f8kologisk tenkning. <\/p>\n<p>Stikkord er naturens egne materialer, tradisjon, h\u00e5ndlagde produkter og organisk form.<br \/>\nOpprinnelsen til Eco Deco Designs produkter er tropisk \u2013 men de passer godt i ethvert interi\u00f8r. <\/p>\n<p>Eco Deco Design produktene kombineres enkelt med forskjellige stilarter eller de skaper en stil p\u00e5 egenh\u00e5nd. V\u00e5re produkter er funksjonelle, og de kjennetegnes alle av h\u00f8y h\u00e5ndverksmessig kvalitet.<\/em><\/p>","protected":false},"excerpt":{"rendered":"<p>Eco Deco Design konseptet kombinerer uts\u00f8kt interi\u00f8rdesign med \u00f8kologisk tenkning. Stikkord er naturens egne materialer, tradisjon, h\u00e5ndlagde produkter og organisk form. Opprinnelsen til Eco Deco Designs produkter er tropisk \u2013 men de passer godt i ethvert interi\u00f8r. Eco Deco Design produktene kombineres enkelt med forskjellige stilarter eller de skaper en stil p\u00e5 egenh\u00e5nd. V\u00e5re produkter [&hellip;]<\/p>\n","protected":false},"author":1,"featured_media":312,"parent":0,"menu_order":0,"comment_status":"closed","ping_status":"closed","template":"page-index.php","meta":{"om_disable_all_campaigns":false,"_monsterinsights_skip_tracking":false,"_monsterinsights_sitenote_active":false,"_monsterinsights_sitenote_note":"","_monsterinsights_sitenote_category":0},"acf":[],"aioseo_notices":[],"_links":{"self":[{"href":"https:\/\/ecodeco-design.com\/no\/wp-json\/wp\/v2\/pages\/2"}],"collection":[{"href":"https:\/\/ecodeco-design.com\/no\/wp-json\/wp\/v2\/pages"}],"about":[{"href":"https:\/\/ecodeco-design.com\/no\/wp-json\/wp\/v2\/types\/page"}],"author":[{"embeddable":true,"href":"https:\/\/ecodeco-design.com\/no\/wp-json\/wp\/v2\/users\/1"}],"replies":[{"embeddable":true,"href":"https:\/\/ecodeco-design.com\/no\/wp-json\/wp\/v2\/comments?post=2"}],"version-history":[{"count":17,"href":"https:\/\/ecodeco-design.com\/no\/wp-json\/wp\/v2\/pages\/2\/revisions"}],"predecessor-version":[{"id":2209,"href":"https:\/\/ecodeco-design.com\/no\/wp-json\/wp\/v2\/pages\/2\/revisions\/2209"}],"wp:featuredmedia":[{"embeddable":true,"href":"https:\/\/ecodeco-design.com\/no\/wp-json\/wp\/v2\/media\/312"}],"wp:attachment":[{"href":"https:\/\/ecodeco-design.com\/no\/wp-json\/wp\/v2\/media?parent=2"}],"curies":[{"name":"wp","href":"https:\/\/api.w.org\/{rel}","templated":true}]}}