{"id":1462,"date":"2020-11-25T03:39:49","date_gmt":"2020-11-25T03:39:49","guid":{"rendered":"https:\/\/dev.ecodeco-design.com\/\/?page_id=1462"},"modified":"2022-09-03T09:22:01","modified_gmt":"2022-09-03T09:22:01","slug":"our-retailers","status":"publish","type":"page","link":"https:\/\/ecodeco-design.com\/no\/our-retailers\/","title":{"rendered":"Forhandlere"},"content":{"rendered":"<h4>NORWAY<\/h4>\n<div class=\"gdc_row\"><div class=\"gdc_column gdc_cquarter\"><div class=\"gdc_inner\"><br \/>\n<strong>BERGEN \/ GODVIK<\/strong><br \/>\nInteri\u00f8rhuset<br \/>\nAlv\u00f8veien 140<br \/>\n5179 Godvik<br \/>\nTlf. 55930304<br \/>\n<\/div><\/div><div class=\"gdc_column gdc_cquarter\"><div class=\"gdc_inner\"><br \/>\n<strong>B\u00c6RUM \/ FORNEBU<br \/>\n<\/strong>Trakt\u00f8ren Kj\u00f8kkenutstyr<br \/>\nFornebu S<br \/>\nSnar\u00f8yveien 55<br \/>\n1364 Fornebu<br \/>\nTlf. 917 13 363<br \/>\n<\/div><\/div><div class=\"gdc_column gdc_cquarter\"><div class=\"gdc_inner\"><br \/>\n<strong>B\u00c6RUM \/ STABEKK<br \/>\n<\/strong>Bolina<br \/>\nGamle Drammensveien 38<br \/>\n1369 Stabekk<br \/>\nTlf. 67 53 61 45<br \/>\n<\/div><\/div><div class=\"gdc_column gdc_cquarter\"><div class=\"gdc_inner\"><br \/>\n<strong>DR\u00d8BAK<\/strong><br \/>\nFru Magnolia<br \/>\nNiels Carlsens gate 6<br \/>\n1440 Dr\u00f8bak<br \/>\nTlf. 911 04 451<br \/>\n<\/div><\/div><\/div>\n<div class=\"gdc_row\"><div class=\"gdc_column gdc_cquarter\"><div class=\"gdc_inner\"><br \/>\n<strong>FYRESDAL<br \/>\n<\/strong>Grindberg M\u00f8bler &amp; Interi\u00f8r<br \/>\nKilegrend<br \/>\n3870 Fyresdal<br \/>\nTlf. 35 06 70 70<br \/>\n<\/div><\/div><div class=\"gdc_column gdc_cquarter\"><div class=\"gdc_inner\"><br \/>\n<strong>GEILO<br \/>\n<\/strong>Annekset Interi\u00f8r<br \/>\nKyrkjevegen 10<br \/>\n3580 Geilo<br \/>\nTlf. 32 09 10 14<br \/>\n<\/div><\/div><div class=\"gdc_column gdc_cquarter\"><div class=\"gdc_inner\"><br \/>\n<strong>HOVDEN I SETESDALEN<br \/>\n<\/strong>Grindberg M\u00f8bler &amp; Interi\u00f8r<br \/>\n4755 Hovden<br \/>\nTlf. 951 35 658<br \/>\n<\/div><\/div><div class=\"gdc_column gdc_cquarter\"><div class=\"gdc_inner\"><br \/>\n<strong>KRISTIANSAND<br \/>\n<\/strong>Grindberg M\u00f8bler &amp; Interi\u00f8r<br \/>\nTangen 20<br \/>\n4608 Kristiansand<br \/>\nTlf. 951 35 658<br \/>\n<\/div><\/div><\/div>\n<div class=\"gdc_row\"><div class=\"gdc_column gdc_cquarter\"><div class=\"gdc_inner\"><br \/>\n<strong>LARVIK<\/strong><br \/>\nR\u00e5tt og Sanselig<br \/>\nBredochs gate 1<br \/>\n3256 Larvik<br \/>\nTlf. 31 11 12 64<br \/>\n<\/div><\/div><div class=\"gdc_column gdc_cquarter\"><div class=\"gdc_inner\"><br \/>\n<strong>NESBYEN<\/strong><br \/>\nAparta<br \/>\nRukkedalsvegen 45<br \/>\n3540 Nesbyen<br \/>\nTlf. 930 03 550<br \/>\n<\/div><\/div><div class=\"gdc_column gdc_cquarter\"><div class=\"gdc_inner\"><br \/>\n<strong>OSLO<\/strong><br \/>\nChristian\u2019s &amp; Hennie<br \/>\nSkovveien 6A<br \/>\n0257 Oslo<br \/>\nTlf. 22 12 13 50<br \/>\n<\/div><\/div><div class=\"gdc_column gdc_cquarter\"><div class=\"gdc_inner\"><br \/>\n<strong>OSLO<\/strong><br \/>\nDanese Ambiente<br \/>\nSognsveien 11B<br \/>\n0851 Oslo<br \/>\nTlf. 900 85 873<br \/>\n<\/div><\/div><\/div>\n<div class=\"gdc_row\"><div class=\"gdc_column gdc_cquarter\"><div class=\"gdc_inner\"><br \/>\n<strong>OSLO<\/strong><br \/>\nHa det p\u00e5 Badet<br \/>\nKarenslyst all\u00e8 7<br \/>\n0278 Oslo<br \/>\nTlf. 22 55 95 20<br \/>\n<\/div><\/div><div class=\"gdc_column gdc_cquarter\"><div class=\"gdc_inner\"><br \/>\n<strong>OSLO<\/strong><br \/>\nHoltet Jern &amp; Farge<br \/>\nKongsveien 98<br \/>\n1177 Oslo<br \/>\nTlf. 22 28 62 04<br \/>\n<\/div><\/div><div class=\"gdc_column gdc_cquarter\"><div class=\"gdc_inner\"><br \/>\n<strong>OSLO<\/strong><br \/>\nInteri\u00f8rforum<br \/>\nGaupefaret 4<br \/>\n0773 Oslo<br \/>\nTlf. 915 79 483<br \/>\n<\/div><\/div><div class=\"gdc_column gdc_cquarter\"><div class=\"gdc_inner\"><br \/>\n<strong>OSLO<\/strong><br \/>\nKonzept H-P<br \/>\nFredrik Stangsgate 46<br \/>\n0208 Oslo<br \/>\nTlf. 22 55 26 05<br \/>\n<\/div><\/div><\/div>\n<div class=\"gdc_row\"><div class=\"gdc_column gdc_cquarter\"><div class=\"gdc_inner\"><br \/>\n<strong>OSLO<\/strong><br \/>\nLe Trou Au Mur<br \/>\nThomas Heftyes gate 41A<br \/>\n0267 Oslo<br \/>\nTlf. 951 79 432<br \/>\n<\/div><\/div><div class=\"gdc_column gdc_cquarter\"><div class=\"gdc_inner\"><br \/>\n<strong>OSLO<\/strong><br \/>\nOslo VVS Senter<br \/>\nStr\u00f8msvn. 325 (v\/IKEA Furuset)<br \/>\n0181 Oslo<br \/>\nTlf. 23 28 70 80<br \/>\n<\/div><\/div><div class=\"gdc_column gdc_cquarter\"><div class=\"gdc_inner\"><br \/>\n<strong>OSLO<\/strong><br \/>\nRiis Interi\u00f8r<br \/>\nHeggelibakken 2<br \/>\n0375 Oslo<br \/>\nTlf. 22 13 66 80<br \/>\n<\/div><\/div><div class=\"gdc_column gdc_cquarter\"><div class=\"gdc_inner\"><br \/>\n<strong>OSLO<\/strong><br \/>\nTrakt\u00f8ren Kj\u00f8kkenutstyr<br \/>\nBogstadveien 25<br \/>\n0355 Oslo<br \/>\nTlf. 22 60 08 08<br \/>\n<\/div><\/div><\/div>\n<div class=\"gdc_row\"><div class=\"gdc_column gdc_cquarter\"><div class=\"gdc_inner\"><br \/>\n<strong>OSLO<\/strong><br \/>\nTrakt\u00f8ren Kj\u00f8kkenutstyr<br \/>\nLambertseter senter<br \/>\n1153 Oslo<br \/>\nTlf. 21 66 83 57<br \/>\n<\/div><\/div><div class=\"gdc_column gdc_cquarter\"><div class=\"gdc_inner\"><br \/>\n<strong>OSLO<\/strong><br \/>\nTrakt\u00f8ren Kj\u00f8kkenutstyr<br \/>\nStoro Storsenter<br \/>\n0483 Oslo<br \/>\nTlf. 22 15 99 90<br \/>\n<\/div><\/div><div class=\"gdc_column gdc_cquarter\"><div class=\"gdc_inner\"><br \/>\n<strong>RAULAND<\/strong><br \/>\nGrindberg M\u00f8bler &amp; Interi\u00f8r<br \/>\n3864 Rauland<br \/>\nTlf. 951 35 658<br \/>\n<\/div><\/div><div class=\"gdc_column gdc_cquarter\"><div class=\"gdc_inner\"><br \/>\n<strong>SANDEFJORD<\/strong><br \/>\nTinnies Hus<br \/>\nMoveien 53<br \/>\n3215 Sandefjord<br \/>\nTlf. 33 34 78 47<br \/>\n<\/div><\/div><\/div>\n<div class=\"gdc_row\"><div class=\"gdc_column gdc_cquarter\"><div class=\"gdc_inner\"><br \/>\n<strong>SKARNES<\/strong><br \/>\nVilla Snekkermoen<br \/>\nSnekkermovegen 163<br \/>\n2100 Skarnes<br \/>\nTlf. 911 51 157<br \/>\n<\/div><\/div><div class=\"gdc_column gdc_cquarter\"><div class=\"gdc_inner\"><br \/>\n<strong>STAVANGER<\/strong><br \/>\nHelg\u00f8 M\u00f8bler &amp; Interi\u00f8r<br \/>\nLangt l\u00e5tveien 35<br \/>\n4017 Stavanger<br \/>\nTlf. 51 88 60 60<br \/>\n<\/div><\/div><div class=\"gdc_column gdc_cquarter\"><div class=\"gdc_inner\"><br \/>\n<strong>STAVANGER<\/strong><br \/>\nTrakt\u00f8ren kj\u00f8kkenutstyr<br \/>\nMagasin Blaa<br \/>\nVerksgt. 2<br \/>\n4013 Stavanger<br \/>\nTlf. 51 89 01 70<br \/>\n<\/div><\/div><div class=\"gdc_column gdc_cquarter\"><div class=\"gdc_inner\"><br \/>\n<strong>TRONDHEIM<\/strong><br \/>\nTrakt\u00f8ren kj\u00f8kkenutstyr<br \/>\nByhaven Kj\u00f8pesenter<br \/>\nOlav Tryggvasons gate 28<br \/>\n7011 Trondheim<br \/>\nTlf. 73 50 05 70<br \/>\n<\/div><\/div><\/div>\n<p>&nbsp;<\/p>\n","protected":false},"excerpt":{"rendered":"<p>NORWAY &nbsp;<\/p>\n","protected":false},"author":1,"featured_media":0,"parent":0,"menu_order":0,"comment_status":"closed","ping_status":"closed","template":"","meta":{"om_disable_all_campaigns":false,"_monsterinsights_skip_tracking":false,"_monsterinsights_sitenote_active":false,"_monsterinsights_sitenote_note":"","_monsterinsights_sitenote_category":0},"acf":[],"aioseo_notices":[],"_links":{"self":[{"href":"https:\/\/ecodeco-design.com\/no\/wp-json\/wp\/v2\/pages\/1462"}],"collection":[{"href":"https:\/\/ecodeco-design.com\/no\/wp-json\/wp\/v2\/pages"}],"about":[{"href":"https:\/\/ecodeco-design.com\/no\/wp-json\/wp\/v2\/types\/page"}],"author":[{"embeddable":true,"href":"https:\/\/ecodeco-design.com\/no\/wp-json\/wp\/v2\/users\/1"}],"replies":[{"embeddable":true,"href":"https:\/\/ecodeco-design.com\/no\/wp-json\/wp\/v2\/comments?post=1462"}],"version-history":[{"count":28,"href":"https:\/\/ecodeco-design.com\/no\/wp-json\/wp\/v2\/pages\/1462\/revisions"}],"predecessor-version":[{"id":1984,"href":"https:\/\/ecodeco-design.com\/no\/wp-json\/wp\/v2\/pages\/1462\/revisions\/1984"}],"wp:attachment":[{"href":"https:\/\/ecodeco-design.com\/no\/wp-json\/wp\/v2\/media?parent=1462"}],"curies":[{"name":"wp","href":"https:\/\/api.w.org\/{rel}","templated":true}]}}